{"id":882,"date":"2024-02-29T12:52:31","date_gmt":"2024-02-29T11:52:31","guid":{"rendered":"https:\/\/florart-webdesign.hu\/?page_id=882"},"modified":"2024-03-05T16:01:57","modified_gmt":"2024-03-05T15:01:57","slug":"ingatlanjog","status":"publish","type":"page","link":"https:\/\/florart-webdesign.hu\/en\/ingatlanjog\/","title":{"rendered":"Ingatlanjog"},"content":{"rendered":"<div data-elementor-type=\"wp-page\" data-elementor-id=\"882\" class=\"elementor elementor-882\" data-elementor-post-type=\"page\">\n\t\t\t\t<div class=\"elementor-element elementor-element-2d18c548 e-flex e-con-boxed e-con e-parent\" data-id=\"2d18c548\" data-element_type=\"container\" data-e-type=\"container\" data-settings=\"{&quot;background_background&quot;:&quot;classic&quot;}\">\n\t\t\t\t\t<div class=\"e-con-inner\">\n\t\t<div class=\"elementor-element elementor-element-4ad3ac35 e-con-full e-flex e-con e-child\" data-id=\"4ad3ac35\" data-element_type=\"container\" data-e-type=\"container\">\n\t\t\t\t<div class=\"elementor-element elementor-element-7ed8a159 elementor-widget elementor-widget-heading\" data-id=\"7ed8a159\" data-element_type=\"widget\" data-e-type=\"widget\" data-widget_type=\"heading.default\">\n\t\t\t\t<div class=\"elementor-widget-container\">\n\t\t\t\t\t<span class=\"elementor-heading-title elementor-size-default\"><a href=\"https:\/\/florart-webdesign.hu\/en\/proj_jog\/#szakteruletek\">Szakter\u00fcletek<\/a><\/span>\t\t\t\t<\/div>\n\t\t\t\t<\/div>\n\t\t\t\t<div class=\"elementor-element elementor-element-b0ad359 elementor-widget elementor-widget-heading\" data-id=\"b0ad359\" data-element_type=\"widget\" data-e-type=\"widget\" data-widget_type=\"heading.default\">\n\t\t\t\t<div class=\"elementor-widget-container\">\n\t\t\t\t\t<h1 class=\"elementor-heading-title elementor-size-default\">Ingatlanjog<\/h1>\t\t\t\t<\/div>\n\t\t\t\t<\/div>\n\t\t\t\t<div class=\"elementor-element elementor-element-bdb1d52 elementor-icon-list--layout-traditional elementor-list-item-link-full_width elementor-widget elementor-widget-icon-list\" data-id=\"bdb1d52\" data-element_type=\"widget\" data-e-type=\"widget\" data-widget_type=\"icon-list.default\">\n\t\t\t\t<div class=\"elementor-widget-container\">\n\t\t\t\t\t\t\t<ul class=\"elementor-icon-list-items\">\n\t\t\t\t\t\t\t<li class=\"elementor-icon-list-item\">\n\t\t\t\t\t\t\t\t\t\t<span class=\"elementor-icon-list-text\">\u2013 ad\u00e1sv\u00e9teli \u00e9s aj\u00e1nd\u00e9koz\u00e1si szerz\u0151d\u00e9sek \u2013 lak\u00e1sokra, lak\u00f3h\u00e1zakra, gar\u00e1zsokra, nyaral\u00f3kra, egy\u00e9b ingatlanokra;<\/span>\n\t\t\t\t\t\t\t\t\t<\/li>\n\t\t\t\t\t\t\t\t<li class=\"elementor-icon-list-item\">\n\t\t\t\t\t\t\t\t\t\t<span class=\"elementor-icon-list-text\">- HASZON\u00c9LVEZET \u2013 CSOK \u00e9s hitelrendez\u00e9s; <\/span>\n\t\t\t\t\t\t\t\t\t<\/li>\n\t\t\t\t\t\t\t\t<li class=\"elementor-icon-list-item\">\n\t\t\t\t\t\t\t\t\t\t<span class=\"elementor-icon-list-text\">\u2013 ipari ter\u00fcletek, term\u0151f\u00f6ldek ad\u00e1sv\u00e9tele; <\/span>\n\t\t\t\t\t\t\t\t\t<\/li>\n\t\t\t\t\t\t\t\t<li class=\"elementor-icon-list-item\">\n\t\t\t\t\t\t\t\t\t\t<span class=\"elementor-icon-list-text\">\u2013 haszn\u00e1lati megoszt\u00e1sok; <\/span>\n\t\t\t\t\t\t\t\t\t<\/li>\n\t\t\t\t\t\t\t\t<li class=\"elementor-icon-list-item\">\n\t\t\t\t\t\t\t\t\t\t<span class=\"elementor-icon-list-text\">\u2013 t\u00e1rsash\u00e1zi k\u00e9rd\u00e9sek, k\u00e9pviselet;<\/span>\n\t\t\t\t\t\t\t\t\t<\/li>\n\t\t\t\t\t\t\t\t<li class=\"elementor-icon-list-item\">\n\t\t\t\t\t\t\t\t\t\t<span class=\"elementor-icon-list-text\">\u2013 birtokv\u00e9delem;<\/span>\n\t\t\t\t\t\t\t\t\t<\/li>\n\t\t\t\t\t\t\t\t<li class=\"elementor-icon-list-item\">\n\t\t\t\t\t\t\t\t\t\t<span class=\"elementor-icon-list-text\">\u2013 lak\u00e1sb\u00e9rleti szerz\u0151d\u00e9sek, egy\u00e9b INGATLAN \u00e9s helyis\u00e9gb\u00e9rletek;<\/span>\n\t\t\t\t\t\t\t\t\t<\/li>\n\t\t\t\t\t\t\t\t<li class=\"elementor-icon-list-item\">\n\t\t\t\t\t\t\t\t\t\t<span class=\"elementor-icon-list-text\">\u2013 tart\u00e1si \u00e9s \u00e9letj\u00e1rad\u00e9ki szerz\u0151d\u00e9sek; \u2013 kil\u00e1t\u00e1si jogvit\u00e1k (panor\u00e1maperek).<\/span>\n\t\t\t\t\t\t\t\t\t<\/li>\n\t\t\t\t\t\t\t\t<li class=\"elementor-icon-list-item\">\n\t\t\t\t\t\t\t\t\t\t<span class=\"elementor-icon-list-text\">\u2013 kil\u00e1t\u00e1si jogvit\u00e1k (panor\u00e1maperek)<\/span>\n\t\t\t\t\t\t\t\t\t<\/li>\n\t\t\t\t\t\t<\/ul>\n\t\t\t\t\t\t<\/div>\n\t\t\t\t<\/div>\n\t\t\t\t<\/div>\n\t\t\t\t\t<\/div>\n\t\t\t\t<\/div>\n\t\t<div class=\"elementor-element elementor-element-5a543e2 e-flex e-con-boxed e-con e-parent\" data-id=\"5a543e2\" data-element_type=\"container\" data-e-type=\"container\" data-settings=\"{&quot;background_background&quot;:&quot;classic&quot;}\">\n\t\t\t\t\t<div class=\"e-con-inner\">\n\t\t<div class=\"elementor-element elementor-element-540ad507 e-flex e-con-boxed e-con e-child\" data-id=\"540ad507\" data-element_type=\"container\" data-e-type=\"container\" data-settings=\"{&quot;background_background&quot;:&quot;classic&quot;}\">\n\t\t\t\t\t<div class=\"e-con-inner\">\n\t\t<div class=\"elementor-element elementor-element-1cf02c36 e-con-full e-flex e-con e-child\" data-id=\"1cf02c36\" data-element_type=\"container\" data-e-type=\"container\">\n\t\t\t\t<div class=\"elementor-element elementor-element-3b4dcce2 elementor-widget elementor-widget-heading\" data-id=\"3b4dcce2\" data-element_type=\"widget\" data-e-type=\"widget\" data-widget_type=\"heading.default\">\n\t\t\t\t<div class=\"elementor-widget-container\">\n\t\t\t\t\t<h2 class=\"elementor-heading-title elementor-size-default\">Contact<\/h2>\t\t\t\t<\/div>\n\t\t\t\t<\/div>\n\t\t\t\t<\/div>\n\t\t<div class=\"elementor-element elementor-element-c476f44 e-con-full e-flex e-con e-child\" data-id=\"c476f44\" data-element_type=\"container\" data-e-type=\"container\">\n\t\t\t\t<div class=\"elementor-element elementor-element-39c1784a elementor-widget elementor-widget-text-editor\" data-id=\"39c1784a\" data-element_type=\"widget\" data-e-type=\"widget\" data-widget_type=\"text-editor.default\">\n\t\t\t\t<div class=\"elementor-widget-container\">\n\t\t\t\t\t\t\t\t\t<p><span style=\"font-weight: 400;\">Honeste vivere, alterum non laedere, suum cuique tribuere.<\/span><\/p><p><span style=\"font-weight: 400;\">Becs\u00fcletesen \u00e9lni, m\u00e1snak nem \u00e1rtani, mindenkinek megadni, ami j\u00e1r.<\/span><\/p>\t\t\t\t\t\t\t\t<\/div>\n\t\t\t\t<\/div>\n\t\t\t\t<\/div>\n\t\t<div class=\"elementor-element elementor-element-4f4843f1 e-con-full e-flex e-con e-child\" data-id=\"4f4843f1\" data-element_type=\"container\" data-e-type=\"container\">\n\t\t\t\t<div class=\"elementor-element elementor-element-f1aea1a elementor-icon-list--layout-traditional elementor-list-item-link-full_width elementor-widget elementor-widget-icon-list\" data-id=\"f1aea1a\" data-element_type=\"widget\" data-e-type=\"widget\" data-widget_type=\"icon-list.default\">\n\t\t\t\t<div class=\"elementor-widget-container\">\n\t\t\t\t\t\t\t<ul class=\"elementor-icon-list-items\">\n\t\t\t\t\t\t\t<li class=\"elementor-icon-list-item\">\n\t\t\t\t\t\t\t\t\t\t\t<span class=\"elementor-icon-list-icon\">\n\t\t\t\t\t\t\t<i aria-hidden=\"true\" class=\"far fa-envelope\"><\/i>\t\t\t\t\t\t<\/span>\n\t\t\t\t\t\t\t\t\t\t<span class=\"elementor-icon-list-text\">csbalazs@invitel.hu<\/span>\n\t\t\t\t\t\t\t\t\t<\/li>\n\t\t\t\t\t\t<\/ul>\n\t\t\t\t\t\t<\/div>\n\t\t\t\t<\/div>\n\t\t\t\t<div class=\"elementor-element elementor-element-56cf645c elementor-icon-list--layout-traditional elementor-list-item-link-full_width elementor-widget elementor-widget-icon-list\" data-id=\"56cf645c\" data-element_type=\"widget\" data-e-type=\"widget\" data-widget_type=\"icon-list.default\">\n\t\t\t\t<div class=\"elementor-widget-container\">\n\t\t\t\t\t\t\t<ul class=\"elementor-icon-list-items\">\n\t\t\t\t\t\t\t<li class=\"elementor-icon-list-item\">\n\t\t\t\t\t\t\t\t\t\t\t<span class=\"elementor-icon-list-icon\">\n\t\t\t\t\t\t\t<i aria-hidden=\"true\" class=\"fas fa-phone-alt\"><\/i>\t\t\t\t\t\t<\/span>\n\t\t\t\t\t\t\t\t\t\t<span class=\"elementor-icon-list-text\">+36 70 379 0497<\/span>\n\t\t\t\t\t\t\t\t\t<\/li>\n\t\t\t\t\t\t\t\t<li class=\"elementor-icon-list-item\">\n\t\t\t\t\t\t\t\t\t\t\t<span class=\"elementor-icon-list-icon\">\n\t\t\t\t\t\t\t<i aria-hidden=\"true\" class=\"fas fa-map-marker-alt\"><\/i>\t\t\t\t\t\t<\/span>\n\t\t\t\t\t\t\t\t\t\t<span class=\"elementor-icon-list-text\">8200 Veszpr\u00e9m, M\u00e1rt\u00edrok \u00fatja 3\/A<\/span>\n\t\t\t\t\t\t\t\t\t<\/li>\n\t\t\t\t\t\t\t\t<li class=\"elementor-icon-list-item\">\n\t\t\t\t\t\t\t\t\t\t\t<span class=\"elementor-icon-list-icon\">\n\t\t\t\t\t\t\t<i aria-hidden=\"true\" class=\"far fa-paper-plane\"><\/i>\t\t\t\t\t\t<\/span>\n\t\t\t\t\t\t\t\t\t\t<span class=\"elementor-icon-list-text\">8200 Veszpr\u00e9m, M\u00e1rt\u00edrok \u00fatja 3\/A<\/span>\n\t\t\t\t\t\t\t\t\t<\/li>\n\t\t\t\t\t\t<\/ul>\n\t\t\t\t\t\t<\/div>\n\t\t\t\t<\/div>\n\t\t\t\t<\/div>\n\t\t\t\t\t<\/div>\n\t\t\t\t<\/div>\n\t\t\t\t\t<\/div>\n\t\t\t\t<\/div>\n\t\t\t\t<\/div>","protected":false},"excerpt":{"rendered":"<p>Szakter\u00fcletek Ingatlanjog \u2013 ad\u00e1sv\u00e9teli \u00e9s aj\u00e1nd\u00e9koz\u00e1si szerz\u0151d\u00e9sek \u2013 lak\u00e1sokra, lak\u00f3h\u00e1zakra, gar\u00e1zsokra, nyaral\u00f3kra, egy\u00e9b ingatlanokra; &#8211; HASZON\u00c9LVEZET \u2013 CSOK \u00e9s hitelrendez\u00e9s; \u2013 ipari ter\u00fcletek, term\u0151f\u00f6ldek ad\u00e1sv\u00e9tele; \u2013 haszn\u00e1lati megoszt\u00e1sok; \u2013 t\u00e1rsash\u00e1zi k\u00e9rd\u00e9sek, k\u00e9pviselet; \u2013 birtokv\u00e9delem; \u2013 lak\u00e1sb\u00e9rleti szerz\u0151d\u00e9sek, egy\u00e9b INGATLAN \u00e9s helyis\u00e9gb\u00e9rletek; \u2013 tart\u00e1si \u00e9s \u00e9letj\u00e1rad\u00e9ki szerz\u0151d\u00e9sek; \u2013 kil\u00e1t\u00e1si jogvit\u00e1k (panor\u00e1maperek). \u2013 kil\u00e1t\u00e1si jogvit\u00e1k (panor\u00e1maperek) Kapcsolat [&hellip;]<\/p>","protected":false},"author":4,"featured_media":0,"parent":0,"menu_order":0,"comment_status":"closed","ping_status":"closed","template":"","meta":{"footnotes":""},"class_list":["post-882","page","type-page","status-publish","hentry"],"yoast_head":"<!-- This site is optimized with the Yoast SEO plugin v26.9 - https:\/\/yoast.com\/product\/yoast-seo-wordpress\/ -->\n<title>Ingatlanjog - FlorartWebdesign<\/title>\n<meta name=\"robots\" content=\"index, follow, max-snippet:-1, max-image-preview:large, max-video-preview:-1\" \/>\n<link rel=\"canonical\" href=\"https:\/\/florart-webdesign.hu\/en\/ingatlanjog\/\" \/>\n<meta property=\"og:locale\" content=\"en_US\" \/>\n<meta property=\"og:type\" content=\"article\" \/>\n<meta property=\"og:title\" content=\"Ingatlanjog - FlorartWebdesign\" \/>\n<meta property=\"og:description\" content=\"Szakter\u00fcletek Ingatlanjog \u2013 ad\u00e1sv\u00e9teli \u00e9s aj\u00e1nd\u00e9koz\u00e1si szerz\u0151d\u00e9sek \u2013 lak\u00e1sokra, lak\u00f3h\u00e1zakra, gar\u00e1zsokra, nyaral\u00f3kra, egy\u00e9b ingatlanokra; &#8211; HASZON\u00c9LVEZET \u2013 CSOK \u00e9s hitelrendez\u00e9s; \u2013 ipari ter\u00fcletek, term\u0151f\u00f6ldek ad\u00e1sv\u00e9tele; \u2013 haszn\u00e1lati megoszt\u00e1sok; \u2013 t\u00e1rsash\u00e1zi k\u00e9rd\u00e9sek, k\u00e9pviselet; \u2013 birtokv\u00e9delem; \u2013 lak\u00e1sb\u00e9rleti szerz\u0151d\u00e9sek, egy\u00e9b INGATLAN \u00e9s helyis\u00e9gb\u00e9rletek; \u2013 tart\u00e1si \u00e9s \u00e9letj\u00e1rad\u00e9ki szerz\u0151d\u00e9sek; \u2013 kil\u00e1t\u00e1si jogvit\u00e1k (panor\u00e1maperek). \u2013 kil\u00e1t\u00e1si jogvit\u00e1k (panor\u00e1maperek) Kapcsolat [&hellip;]\" \/>\n<meta property=\"og:url\" content=\"https:\/\/florart-webdesign.hu\/en\/ingatlanjog\/\" \/>\n<meta property=\"og:site_name\" content=\"FlorartWebdesign\" \/>\n<meta property=\"article:modified_time\" content=\"2024-03-05T15:01:57+00:00\" \/>\n<meta name=\"twitter:card\" content=\"summary_large_image\" \/>\n<meta name=\"twitter:label1\" content=\"Est. reading time\" \/>\n\t<meta name=\"twitter:data1\" content=\"1 minute\" \/>\n<script type=\"application\/ld+json\" class=\"yoast-schema-graph\">{\"@context\":\"https:\/\/schema.org\",\"@graph\":[{\"@type\":\"WebPage\",\"@id\":\"https:\/\/florart-webdesign.hu\/ingatlanjog\/\",\"url\":\"https:\/\/florart-webdesign.hu\/ingatlanjog\/\",\"name\":\"Ingatlanjog - FlorartWebdesign\",\"isPartOf\":{\"@id\":\"https:\/\/florart-webdesign.hu\/#website\"},\"datePublished\":\"2024-02-29T11:52:31+00:00\",\"dateModified\":\"2024-03-05T15:01:57+00:00\",\"breadcrumb\":{\"@id\":\"https:\/\/florart-webdesign.hu\/ingatlanjog\/#breadcrumb\"},\"inLanguage\":\"en-US\",\"potentialAction\":[{\"@type\":\"ReadAction\",\"target\":[\"https:\/\/florart-webdesign.hu\/ingatlanjog\/\"]}]},{\"@type\":\"BreadcrumbList\",\"@id\":\"https:\/\/florart-webdesign.hu\/ingatlanjog\/#breadcrumb\",\"itemListElement\":[{\"@type\":\"ListItem\",\"position\":1,\"name\":\"Kezd\u0151lap\",\"item\":\"https:\/\/florart-webdesign.hu\/\"},{\"@type\":\"ListItem\",\"position\":2,\"name\":\"Ingatlanjog\"}]},{\"@type\":\"WebSite\",\"@id\":\"https:\/\/florart-webdesign.hu\/#website\",\"url\":\"https:\/\/florart-webdesign.hu\/\",\"name\":\"FlorartWebdesign\",\"description\":\"\",\"publisher\":{\"@id\":\"https:\/\/florart-webdesign.hu\/#organization\"},\"potentialAction\":[{\"@type\":\"SearchAction\",\"target\":{\"@type\":\"EntryPoint\",\"urlTemplate\":\"https:\/\/florart-webdesign.hu\/?s={search_term_string}\"},\"query-input\":{\"@type\":\"PropertyValueSpecification\",\"valueRequired\":true,\"valueName\":\"search_term_string\"}}],\"inLanguage\":\"en-US\"},{\"@type\":\"Organization\",\"@id\":\"https:\/\/florart-webdesign.hu\/#organization\",\"name\":\"FlorartWebdesign\",\"url\":\"https:\/\/florart-webdesign.hu\/\",\"logo\":{\"@type\":\"ImageObject\",\"inLanguage\":\"en-US\",\"@id\":\"https:\/\/florart-webdesign.hu\/#\/schema\/logo\/image\/\",\"url\":\"https:\/\/florart-webdesign.hu\/wp-content\/uploads\/2024\/01\/javitott-1.png\",\"contentUrl\":\"https:\/\/florart-webdesign.hu\/wp-content\/uploads\/2024\/01\/javitott-1.png\",\"width\":300,\"height\":126,\"caption\":\"FlorartWebdesign\"},\"image\":{\"@id\":\"https:\/\/florart-webdesign.hu\/#\/schema\/logo\/image\/\"}}]}<\/script>\n<!-- \/ Yoast SEO plugin. -->","yoast_head_json":{"title":"Ingatlanjog - FlorartWebdesign","robots":{"index":"index","follow":"follow","max-snippet":"max-snippet:-1","max-image-preview":"max-image-preview:large","max-video-preview":"max-video-preview:-1"},"canonical":"https:\/\/florart-webdesign.hu\/en\/ingatlanjog\/","og_locale":"en_US","og_type":"article","og_title":"Ingatlanjog - FlorartWebdesign","og_description":"Szakter\u00fcletek Ingatlanjog \u2013 ad\u00e1sv\u00e9teli \u00e9s aj\u00e1nd\u00e9koz\u00e1si szerz\u0151d\u00e9sek \u2013 lak\u00e1sokra, lak\u00f3h\u00e1zakra, gar\u00e1zsokra, nyaral\u00f3kra, egy\u00e9b ingatlanokra; &#8211; HASZON\u00c9LVEZET \u2013 CSOK \u00e9s hitelrendez\u00e9s; \u2013 ipari ter\u00fcletek, term\u0151f\u00f6ldek ad\u00e1sv\u00e9tele; \u2013 haszn\u00e1lati megoszt\u00e1sok; \u2013 t\u00e1rsash\u00e1zi k\u00e9rd\u00e9sek, k\u00e9pviselet; \u2013 birtokv\u00e9delem; \u2013 lak\u00e1sb\u00e9rleti szerz\u0151d\u00e9sek, egy\u00e9b INGATLAN \u00e9s helyis\u00e9gb\u00e9rletek; \u2013 tart\u00e1si \u00e9s \u00e9letj\u00e1rad\u00e9ki szerz\u0151d\u00e9sek; \u2013 kil\u00e1t\u00e1si jogvit\u00e1k (panor\u00e1maperek). \u2013 kil\u00e1t\u00e1si jogvit\u00e1k (panor\u00e1maperek) Kapcsolat [&hellip;]","og_url":"https:\/\/florart-webdesign.hu\/en\/ingatlanjog\/","og_site_name":"FlorartWebdesign","article_modified_time":"2024-03-05T15:01:57+00:00","twitter_card":"summary_large_image","twitter_misc":{"Est. reading time":"1 minute"},"schema":{"@context":"https:\/\/schema.org","@graph":[{"@type":"WebPage","@id":"https:\/\/florart-webdesign.hu\/ingatlanjog\/","url":"https:\/\/florart-webdesign.hu\/ingatlanjog\/","name":"Ingatlanjog - FlorartWebdesign","isPartOf":{"@id":"https:\/\/florart-webdesign.hu\/#website"},"datePublished":"2024-02-29T11:52:31+00:00","dateModified":"2024-03-05T15:01:57+00:00","breadcrumb":{"@id":"https:\/\/florart-webdesign.hu\/ingatlanjog\/#breadcrumb"},"inLanguage":"en-US","potentialAction":[{"@type":"ReadAction","target":["https:\/\/florart-webdesign.hu\/ingatlanjog\/"]}]},{"@type":"BreadcrumbList","@id":"https:\/\/florart-webdesign.hu\/ingatlanjog\/#breadcrumb","itemListElement":[{"@type":"ListItem","position":1,"name":"Kezd\u0151lap","item":"https:\/\/florart-webdesign.hu\/"},{"@type":"ListItem","position":2,"name":"Ingatlanjog"}]},{"@type":"WebSite","@id":"https:\/\/florart-webdesign.hu\/#website","url":"https:\/\/florart-webdesign.hu\/","name":"FlorartWebdesign","description":"","publisher":{"@id":"https:\/\/florart-webdesign.hu\/#organization"},"potentialAction":[{"@type":"SearchAction","target":{"@type":"EntryPoint","urlTemplate":"https:\/\/florart-webdesign.hu\/?s={search_term_string}"},"query-input":{"@type":"PropertyValueSpecification","valueRequired":true,"valueName":"search_term_string"}}],"inLanguage":"en-US"},{"@type":"Organization","@id":"https:\/\/florart-webdesign.hu\/#organization","name":"FlorartWebdesign","url":"https:\/\/florart-webdesign.hu\/","logo":{"@type":"ImageObject","inLanguage":"en-US","@id":"https:\/\/florart-webdesign.hu\/#\/schema\/logo\/image\/","url":"https:\/\/florart-webdesign.hu\/wp-content\/uploads\/2024\/01\/javitott-1.png","contentUrl":"https:\/\/florart-webdesign.hu\/wp-content\/uploads\/2024\/01\/javitott-1.png","width":300,"height":126,"caption":"FlorartWebdesign"},"image":{"@id":"https:\/\/florart-webdesign.hu\/#\/schema\/logo\/image\/"}}]}},"jetpack_sharing_enabled":true,"_links":{"self":[{"href":"https:\/\/florart-webdesign.hu\/en\/wp-json\/wp\/v2\/pages\/882","targetHints":{"allow":["GET"]}}],"collection":[{"href":"https:\/\/florart-webdesign.hu\/en\/wp-json\/wp\/v2\/pages"}],"about":[{"href":"https:\/\/florart-webdesign.hu\/en\/wp-json\/wp\/v2\/types\/page"}],"author":[{"embeddable":true,"href":"https:\/\/florart-webdesign.hu\/en\/wp-json\/wp\/v2\/users\/4"}],"replies":[{"embeddable":true,"href":"https:\/\/florart-webdesign.hu\/en\/wp-json\/wp\/v2\/comments?post=882"}],"version-history":[{"count":34,"href":"https:\/\/florart-webdesign.hu\/en\/wp-json\/wp\/v2\/pages\/882\/revisions"}],"predecessor-version":[{"id":1170,"href":"https:\/\/florart-webdesign.hu\/en\/wp-json\/wp\/v2\/pages\/882\/revisions\/1170"}],"wp:attachment":[{"href":"https:\/\/florart-webdesign.hu\/en\/wp-json\/wp\/v2\/media?parent=882"}],"curies":[{"name":"wp","href":"https:\/\/api.w.org\/{rel}","templated":true}]}}