{"id":815,"date":"2024-02-28T15:19:29","date_gmt":"2024-02-28T14:19:29","guid":{"rendered":"https:\/\/florart-webdesign.hu\/?page_id=815"},"modified":"2024-03-05T15:59:17","modified_gmt":"2024-03-05T14:59:17","slug":"emberi-jogok-europai-birosaga-strasbourg","status":"publish","type":"page","link":"https:\/\/florart-webdesign.hu\/en\/emberi-jogok-europai-birosaga-strasbourg\/","title":{"rendered":"Emberi Jogok Eur\u00f3pai B\u00edr\u00f3s\u00e1ga, Strasbourg"},"content":{"rendered":"<div data-elementor-type=\"wp-page\" data-elementor-id=\"815\" class=\"elementor elementor-815\" data-elementor-post-type=\"page\">\n\t\t\t\t<div class=\"elementor-element elementor-element-2a3999e0 e-flex e-con-boxed e-con e-parent\" data-id=\"2a3999e0\" data-element_type=\"container\" data-e-type=\"container\" data-settings=\"{&quot;background_background&quot;:&quot;classic&quot;}\">\n\t\t\t\t\t<div class=\"e-con-inner\">\n\t\t<div class=\"elementor-element elementor-element-490dc7ee e-con-full e-flex e-con e-child\" data-id=\"490dc7ee\" data-element_type=\"container\" data-e-type=\"container\">\n\t\t\t\t<div class=\"elementor-element elementor-element-628673dc elementor-widget elementor-widget-heading\" data-id=\"628673dc\" data-element_type=\"widget\" data-e-type=\"widget\" data-widget_type=\"heading.default\">\n\t\t\t\t<div class=\"elementor-widget-container\">\n\t\t\t\t\t<span class=\"elementor-heading-title elementor-size-default\"><a href=\"https:\/\/florart-webdesign.hu\/en\/proj_jog\/#szakteruletek\">Szakter\u00fcletek<\/a><\/span>\t\t\t\t<\/div>\n\t\t\t\t<\/div>\n\t\t\t\t<div class=\"elementor-element elementor-element-6f5ba7aa elementor-widget elementor-widget-heading\" data-id=\"6f5ba7aa\" data-element_type=\"widget\" data-e-type=\"widget\" data-widget_type=\"heading.default\">\n\t\t\t\t<div class=\"elementor-widget-container\">\n\t\t\t\t\t<h1 class=\"elementor-heading-title elementor-size-default\">Emberi Jogok Eur\u00f3pai B\u00edr\u00f3s\u00e1ga, Strasbourg<\/h1>\t\t\t\t<\/div>\n\t\t\t\t<\/div>\n\t\t<div class=\"elementor-element elementor-element-44cf5f21 e-flex e-con-boxed e-con e-child\" data-id=\"44cf5f21\" data-element_type=\"container\" data-e-type=\"container\">\n\t\t\t\t\t<div class=\"e-con-inner\">\n\t\t\t\t<div class=\"elementor-element elementor-element-6d33f725 elementor-widget elementor-widget-text-editor\" data-id=\"6d33f725\" data-element_type=\"widget\" data-e-type=\"widget\" data-widget_type=\"text-editor.default\">\n\t\t\t\t<div class=\"elementor-widget-container\">\n\t\t\t\t\t\t\t\t\t<p>Az iroda speci\u00e1lis szakter\u00fclete k\u00fcl\u00f6nb\u00f6z\u0151 \u00fcgyek, helyzetek \u00e1tfog\u00f3 emberi jogi elemz\u00e9se, megalapozotts\u00e1g eset\u00e9n a\u00a0<strong>strasbourgi Emberi Jogok Eur\u00f3pai B\u00edr\u00f3s\u00e1ga<\/strong>\u00a0el\u0151tti kereset el\u0151terjeszt\u00e9se \u00e9s a k\u00e9pviselet ell\u00e1t\u00e1sa.<\/p>\t\t\t\t\t\t\t\t<\/div>\n\t\t\t\t<\/div>\n\t\t\t\t\t<\/div>\n\t\t\t\t<\/div>\n\t\t\t\t<\/div>\n\t\t\t\t\t<\/div>\n\t\t\t\t<\/div>\n\t\t<div class=\"elementor-element elementor-element-65ce4fe3 e-flex e-con-boxed e-con e-parent\" data-id=\"65ce4fe3\" data-element_type=\"container\" data-e-type=\"container\" data-settings=\"{&quot;background_background&quot;:&quot;classic&quot;}\">\n\t\t\t\t\t<div class=\"e-con-inner\">\n\t\t<div class=\"elementor-element elementor-element-62db6c67 e-flex e-con-boxed e-con e-child\" data-id=\"62db6c67\" data-element_type=\"container\" data-e-type=\"container\" data-settings=\"{&quot;background_background&quot;:&quot;classic&quot;}\">\n\t\t\t\t\t<div class=\"e-con-inner\">\n\t\t<div class=\"elementor-element elementor-element-5e342403 e-con-full e-flex e-con e-child\" data-id=\"5e342403\" data-element_type=\"container\" data-e-type=\"container\">\n\t\t\t\t<div class=\"elementor-element elementor-element-1ecd5647 elementor-widget elementor-widget-heading\" data-id=\"1ecd5647\" data-element_type=\"widget\" data-e-type=\"widget\" data-widget_type=\"heading.default\">\n\t\t\t\t<div class=\"elementor-widget-container\">\n\t\t\t\t\t<h2 class=\"elementor-heading-title elementor-size-default\">Contact<\/h2>\t\t\t\t<\/div>\n\t\t\t\t<\/div>\n\t\t\t\t<\/div>\n\t\t<div class=\"elementor-element elementor-element-15c9a898 e-con-full e-flex e-con e-child\" data-id=\"15c9a898\" data-element_type=\"container\" data-e-type=\"container\">\n\t\t\t\t<div class=\"elementor-element elementor-element-a502251 elementor-widget elementor-widget-text-editor\" data-id=\"a502251\" data-element_type=\"widget\" data-e-type=\"widget\" data-widget_type=\"text-editor.default\">\n\t\t\t\t<div class=\"elementor-widget-container\">\n\t\t\t\t\t\t\t\t\t<p><span style=\"font-weight: 400;\">Honeste vivere, alterum non laedere, suum cuique tribuere.<\/span><\/p><p><span style=\"font-weight: 400;\">Becs\u00fcletesen \u00e9lni, m\u00e1snak nem \u00e1rtani, mindenkinek megadni, ami j\u00e1r.<\/span><\/p>\t\t\t\t\t\t\t\t<\/div>\n\t\t\t\t<\/div>\n\t\t\t\t<\/div>\n\t\t<div class=\"elementor-element elementor-element-15fafe88 e-con-full e-flex e-con e-child\" data-id=\"15fafe88\" data-element_type=\"container\" data-e-type=\"container\">\n\t\t\t\t<div class=\"elementor-element elementor-element-b8bebae elementor-icon-list--layout-traditional elementor-list-item-link-full_width elementor-widget elementor-widget-icon-list\" data-id=\"b8bebae\" data-element_type=\"widget\" data-e-type=\"widget\" data-widget_type=\"icon-list.default\">\n\t\t\t\t<div class=\"elementor-widget-container\">\n\t\t\t\t\t\t\t<ul class=\"elementor-icon-list-items\">\n\t\t\t\t\t\t\t<li class=\"elementor-icon-list-item\">\n\t\t\t\t\t\t\t\t\t\t\t<span class=\"elementor-icon-list-icon\">\n\t\t\t\t\t\t\t<i aria-hidden=\"true\" class=\"far fa-envelope\"><\/i>\t\t\t\t\t\t<\/span>\n\t\t\t\t\t\t\t\t\t\t<span class=\"elementor-icon-list-text\">csbalazs@invitel.hu<\/span>\n\t\t\t\t\t\t\t\t\t<\/li>\n\t\t\t\t\t\t<\/ul>\n\t\t\t\t\t\t<\/div>\n\t\t\t\t<\/div>\n\t\t\t\t<div class=\"elementor-element elementor-element-72fc9b84 elementor-icon-list--layout-traditional elementor-list-item-link-full_width elementor-widget elementor-widget-icon-list\" data-id=\"72fc9b84\" data-element_type=\"widget\" data-e-type=\"widget\" data-widget_type=\"icon-list.default\">\n\t\t\t\t<div class=\"elementor-widget-container\">\n\t\t\t\t\t\t\t<ul class=\"elementor-icon-list-items\">\n\t\t\t\t\t\t\t<li class=\"elementor-icon-list-item\">\n\t\t\t\t\t\t\t\t\t\t\t<span class=\"elementor-icon-list-icon\">\n\t\t\t\t\t\t\t<i aria-hidden=\"true\" class=\"fas fa-phone-alt\"><\/i>\t\t\t\t\t\t<\/span>\n\t\t\t\t\t\t\t\t\t\t<span class=\"elementor-icon-list-text\">+36 70 379 0497<\/span>\n\t\t\t\t\t\t\t\t\t<\/li>\n\t\t\t\t\t\t\t\t<li class=\"elementor-icon-list-item\">\n\t\t\t\t\t\t\t\t\t\t\t<span class=\"elementor-icon-list-icon\">\n\t\t\t\t\t\t\t<i aria-hidden=\"true\" class=\"fas fa-map-marker-alt\"><\/i>\t\t\t\t\t\t<\/span>\n\t\t\t\t\t\t\t\t\t\t<span class=\"elementor-icon-list-text\">8200 Veszpr\u00e9m, M\u00e1rt\u00edrok \u00fatja 3\/A<\/span>\n\t\t\t\t\t\t\t\t\t<\/li>\n\t\t\t\t\t\t\t\t<li class=\"elementor-icon-list-item\">\n\t\t\t\t\t\t\t\t\t\t\t<span class=\"elementor-icon-list-icon\">\n\t\t\t\t\t\t\t<i aria-hidden=\"true\" class=\"far fa-paper-plane\"><\/i>\t\t\t\t\t\t<\/span>\n\t\t\t\t\t\t\t\t\t\t<span class=\"elementor-icon-list-text\">8200 Veszpr\u00e9m, M\u00e1rt\u00edrok \u00fatja 3\/A<\/span>\n\t\t\t\t\t\t\t\t\t<\/li>\n\t\t\t\t\t\t<\/ul>\n\t\t\t\t\t\t<\/div>\n\t\t\t\t<\/div>\n\t\t\t\t<\/div>\n\t\t\t\t\t<\/div>\n\t\t\t\t<\/div>\n\t\t\t\t\t<\/div>\n\t\t\t\t<\/div>\n\t\t\t\t<\/div>","protected":false},"excerpt":{"rendered":"<p>Szakter\u00fcletek Emberi Jogok Eur\u00f3pai B\u00edr\u00f3s\u00e1ga, Strasbourg Az iroda speci\u00e1lis szakter\u00fclete k\u00fcl\u00f6nb\u00f6z\u0151 \u00fcgyek, helyzetek \u00e1tfog\u00f3 emberi jogi elemz\u00e9se, megalapozotts\u00e1g eset\u00e9n a\u00a0strasbourgi Emberi Jogok Eur\u00f3pai B\u00edr\u00f3s\u00e1ga\u00a0el\u0151tti kereset el\u0151terjeszt\u00e9se \u00e9s a k\u00e9pviselet ell\u00e1t\u00e1sa. Kapcsolat Honeste vivere, alterum non laedere, suum cuique tribuere. Becs\u00fcletesen \u00e9lni, m\u00e1snak nem \u00e1rtani, mindenkinek megadni, ami j\u00e1r. csbalazs@invitel.hu +36 70 379 0497 8200 Veszpr\u00e9m, [&hellip;]<\/p>","protected":false},"author":4,"featured_media":0,"parent":0,"menu_order":0,"comment_status":"closed","ping_status":"closed","template":"","meta":{"footnotes":""},"class_list":["post-815","page","type-page","status-publish","hentry"],"yoast_head":"<!-- This site is optimized with the Yoast SEO plugin v26.9 - https:\/\/yoast.com\/product\/yoast-seo-wordpress\/ -->\n<title>Emberi Jogok Eur\u00f3pai B\u00edr\u00f3s\u00e1ga, Strasbourg - FlorartWebdesign<\/title>\n<meta name=\"robots\" content=\"index, follow, max-snippet:-1, max-image-preview:large, max-video-preview:-1\" \/>\n<link rel=\"canonical\" href=\"https:\/\/florart-webdesign.hu\/en\/emberi-jogok-europai-birosaga-strasbourg\/\" \/>\n<meta property=\"og:locale\" content=\"en_US\" \/>\n<meta property=\"og:type\" content=\"article\" \/>\n<meta property=\"og:title\" content=\"Emberi Jogok Eur\u00f3pai B\u00edr\u00f3s\u00e1ga, Strasbourg - FlorartWebdesign\" \/>\n<meta property=\"og:description\" content=\"Szakter\u00fcletek Emberi Jogok Eur\u00f3pai B\u00edr\u00f3s\u00e1ga, Strasbourg Az iroda speci\u00e1lis szakter\u00fclete k\u00fcl\u00f6nb\u00f6z\u0151 \u00fcgyek, helyzetek \u00e1tfog\u00f3 emberi jogi elemz\u00e9se, megalapozotts\u00e1g eset\u00e9n a\u00a0strasbourgi Emberi Jogok Eur\u00f3pai B\u00edr\u00f3s\u00e1ga\u00a0el\u0151tti kereset el\u0151terjeszt\u00e9se \u00e9s a k\u00e9pviselet ell\u00e1t\u00e1sa. Kapcsolat Honeste vivere, alterum non laedere, suum cuique tribuere. Becs\u00fcletesen \u00e9lni, m\u00e1snak nem \u00e1rtani, mindenkinek megadni, ami j\u00e1r. csbalazs@invitel.hu +36 70 379 0497 8200 Veszpr\u00e9m, [&hellip;]\" \/>\n<meta property=\"og:url\" content=\"https:\/\/florart-webdesign.hu\/en\/emberi-jogok-europai-birosaga-strasbourg\/\" \/>\n<meta property=\"og:site_name\" content=\"FlorartWebdesign\" \/>\n<meta property=\"article:modified_time\" content=\"2024-03-05T14:59:17+00:00\" \/>\n<meta name=\"twitter:card\" content=\"summary_large_image\" \/>\n<meta name=\"twitter:label1\" content=\"Est. reading time\" \/>\n\t<meta name=\"twitter:data1\" content=\"1 minute\" \/>\n<script type=\"application\/ld+json\" class=\"yoast-schema-graph\">{\"@context\":\"https:\/\/schema.org\",\"@graph\":[{\"@type\":\"WebPage\",\"@id\":\"https:\/\/florart-webdesign.hu\/emberi-jogok-europai-birosaga-strasbourg\/\",\"url\":\"https:\/\/florart-webdesign.hu\/emberi-jogok-europai-birosaga-strasbourg\/\",\"name\":\"Emberi Jogok Eur\u00f3pai B\u00edr\u00f3s\u00e1ga, Strasbourg - FlorartWebdesign\",\"isPartOf\":{\"@id\":\"https:\/\/florart-webdesign.hu\/#website\"},\"datePublished\":\"2024-02-28T14:19:29+00:00\",\"dateModified\":\"2024-03-05T14:59:17+00:00\",\"breadcrumb\":{\"@id\":\"https:\/\/florart-webdesign.hu\/emberi-jogok-europai-birosaga-strasbourg\/#breadcrumb\"},\"inLanguage\":\"en-US\",\"potentialAction\":[{\"@type\":\"ReadAction\",\"target\":[\"https:\/\/florart-webdesign.hu\/emberi-jogok-europai-birosaga-strasbourg\/\"]}]},{\"@type\":\"BreadcrumbList\",\"@id\":\"https:\/\/florart-webdesign.hu\/emberi-jogok-europai-birosaga-strasbourg\/#breadcrumb\",\"itemListElement\":[{\"@type\":\"ListItem\",\"position\":1,\"name\":\"Kezd\u0151lap\",\"item\":\"https:\/\/florart-webdesign.hu\/\"},{\"@type\":\"ListItem\",\"position\":2,\"name\":\"Emberi Jogok Eur\u00f3pai B\u00edr\u00f3s\u00e1ga, Strasbourg\"}]},{\"@type\":\"WebSite\",\"@id\":\"https:\/\/florart-webdesign.hu\/#website\",\"url\":\"https:\/\/florart-webdesign.hu\/\",\"name\":\"FlorartWebdesign\",\"description\":\"\",\"publisher\":{\"@id\":\"https:\/\/florart-webdesign.hu\/#organization\"},\"potentialAction\":[{\"@type\":\"SearchAction\",\"target\":{\"@type\":\"EntryPoint\",\"urlTemplate\":\"https:\/\/florart-webdesign.hu\/?s={search_term_string}\"},\"query-input\":{\"@type\":\"PropertyValueSpecification\",\"valueRequired\":true,\"valueName\":\"search_term_string\"}}],\"inLanguage\":\"en-US\"},{\"@type\":\"Organization\",\"@id\":\"https:\/\/florart-webdesign.hu\/#organization\",\"name\":\"FlorartWebdesign\",\"url\":\"https:\/\/florart-webdesign.hu\/\",\"logo\":{\"@type\":\"ImageObject\",\"inLanguage\":\"en-US\",\"@id\":\"https:\/\/florart-webdesign.hu\/#\/schema\/logo\/image\/\",\"url\":\"https:\/\/florart-webdesign.hu\/wp-content\/uploads\/2024\/01\/javitott-1.png\",\"contentUrl\":\"https:\/\/florart-webdesign.hu\/wp-content\/uploads\/2024\/01\/javitott-1.png\",\"width\":300,\"height\":126,\"caption\":\"FlorartWebdesign\"},\"image\":{\"@id\":\"https:\/\/florart-webdesign.hu\/#\/schema\/logo\/image\/\"}}]}<\/script>\n<!-- \/ Yoast SEO plugin. -->","yoast_head_json":{"title":"Emberi Jogok Eur\u00f3pai B\u00edr\u00f3s\u00e1ga, Strasbourg - FlorartWebdesign","robots":{"index":"index","follow":"follow","max-snippet":"max-snippet:-1","max-image-preview":"max-image-preview:large","max-video-preview":"max-video-preview:-1"},"canonical":"https:\/\/florart-webdesign.hu\/en\/emberi-jogok-europai-birosaga-strasbourg\/","og_locale":"en_US","og_type":"article","og_title":"Emberi Jogok Eur\u00f3pai B\u00edr\u00f3s\u00e1ga, Strasbourg - FlorartWebdesign","og_description":"Szakter\u00fcletek Emberi Jogok Eur\u00f3pai B\u00edr\u00f3s\u00e1ga, Strasbourg Az iroda speci\u00e1lis szakter\u00fclete k\u00fcl\u00f6nb\u00f6z\u0151 \u00fcgyek, helyzetek \u00e1tfog\u00f3 emberi jogi elemz\u00e9se, megalapozotts\u00e1g eset\u00e9n a\u00a0strasbourgi Emberi Jogok Eur\u00f3pai B\u00edr\u00f3s\u00e1ga\u00a0el\u0151tti kereset el\u0151terjeszt\u00e9se \u00e9s a k\u00e9pviselet ell\u00e1t\u00e1sa. Kapcsolat Honeste vivere, alterum non laedere, suum cuique tribuere. Becs\u00fcletesen \u00e9lni, m\u00e1snak nem \u00e1rtani, mindenkinek megadni, ami j\u00e1r. csbalazs@invitel.hu +36 70 379 0497 8200 Veszpr\u00e9m, [&hellip;]","og_url":"https:\/\/florart-webdesign.hu\/en\/emberi-jogok-europai-birosaga-strasbourg\/","og_site_name":"FlorartWebdesign","article_modified_time":"2024-03-05T14:59:17+00:00","twitter_card":"summary_large_image","twitter_misc":{"Est. reading time":"1 minute"},"schema":{"@context":"https:\/\/schema.org","@graph":[{"@type":"WebPage","@id":"https:\/\/florart-webdesign.hu\/emberi-jogok-europai-birosaga-strasbourg\/","url":"https:\/\/florart-webdesign.hu\/emberi-jogok-europai-birosaga-strasbourg\/","name":"Emberi Jogok Eur\u00f3pai B\u00edr\u00f3s\u00e1ga, Strasbourg - FlorartWebdesign","isPartOf":{"@id":"https:\/\/florart-webdesign.hu\/#website"},"datePublished":"2024-02-28T14:19:29+00:00","dateModified":"2024-03-05T14:59:17+00:00","breadcrumb":{"@id":"https:\/\/florart-webdesign.hu\/emberi-jogok-europai-birosaga-strasbourg\/#breadcrumb"},"inLanguage":"en-US","potentialAction":[{"@type":"ReadAction","target":["https:\/\/florart-webdesign.hu\/emberi-jogok-europai-birosaga-strasbourg\/"]}]},{"@type":"BreadcrumbList","@id":"https:\/\/florart-webdesign.hu\/emberi-jogok-europai-birosaga-strasbourg\/#breadcrumb","itemListElement":[{"@type":"ListItem","position":1,"name":"Kezd\u0151lap","item":"https:\/\/florart-webdesign.hu\/"},{"@type":"ListItem","position":2,"name":"Emberi Jogok Eur\u00f3pai B\u00edr\u00f3s\u00e1ga, Strasbourg"}]},{"@type":"WebSite","@id":"https:\/\/florart-webdesign.hu\/#website","url":"https:\/\/florart-webdesign.hu\/","name":"FlorartWebdesign","description":"","publisher":{"@id":"https:\/\/florart-webdesign.hu\/#organization"},"potentialAction":[{"@type":"SearchAction","target":{"@type":"EntryPoint","urlTemplate":"https:\/\/florart-webdesign.hu\/?s={search_term_string}"},"query-input":{"@type":"PropertyValueSpecification","valueRequired":true,"valueName":"search_term_string"}}],"inLanguage":"en-US"},{"@type":"Organization","@id":"https:\/\/florart-webdesign.hu\/#organization","name":"FlorartWebdesign","url":"https:\/\/florart-webdesign.hu\/","logo":{"@type":"ImageObject","inLanguage":"en-US","@id":"https:\/\/florart-webdesign.hu\/#\/schema\/logo\/image\/","url":"https:\/\/florart-webdesign.hu\/wp-content\/uploads\/2024\/01\/javitott-1.png","contentUrl":"https:\/\/florart-webdesign.hu\/wp-content\/uploads\/2024\/01\/javitott-1.png","width":300,"height":126,"caption":"FlorartWebdesign"},"image":{"@id":"https:\/\/florart-webdesign.hu\/#\/schema\/logo\/image\/"}}]}},"jetpack_sharing_enabled":true,"_links":{"self":[{"href":"https:\/\/florart-webdesign.hu\/en\/wp-json\/wp\/v2\/pages\/815","targetHints":{"allow":["GET"]}}],"collection":[{"href":"https:\/\/florart-webdesign.hu\/en\/wp-json\/wp\/v2\/pages"}],"about":[{"href":"https:\/\/florart-webdesign.hu\/en\/wp-json\/wp\/v2\/types\/page"}],"author":[{"embeddable":true,"href":"https:\/\/florart-webdesign.hu\/en\/wp-json\/wp\/v2\/users\/4"}],"replies":[{"embeddable":true,"href":"https:\/\/florart-webdesign.hu\/en\/wp-json\/wp\/v2\/comments?post=815"}],"version-history":[{"count":55,"href":"https:\/\/florart-webdesign.hu\/en\/wp-json\/wp\/v2\/pages\/815\/revisions"}],"predecessor-version":[{"id":1166,"href":"https:\/\/florart-webdesign.hu\/en\/wp-json\/wp\/v2\/pages\/815\/revisions\/1166"}],"wp:attachment":[{"href":"https:\/\/florart-webdesign.hu\/en\/wp-json\/wp\/v2\/media?parent=815"}],"curies":[{"name":"wp","href":"https:\/\/api.w.org\/{rel}","templated":true}]}}