{"id":2166,"date":"2024-04-01T19:45:40","date_gmt":"2024-04-01T17:45:40","guid":{"rendered":"https:\/\/florart-webdesign.hu\/?page_id=2166"},"modified":"2024-06-19T11:39:52","modified_gmt":"2024-06-19T09:39:52","slug":"nelli-uszoakademiaja","status":"publish","type":"page","link":"https:\/\/florart-webdesign.hu\/en\/nelli-uszoakademiaja\/","title":{"rendered":"Nelli \u00dasz\u00f3akad\u00e9mi\u00e1ja"},"content":{"rendered":"<div data-elementor-type=\"wp-page\" data-elementor-id=\"2166\" class=\"elementor elementor-2166\" data-elementor-post-type=\"page\">\n\t\t\t\t<div class=\"elementor-element elementor-element-dbe4f7c e-flex e-con-boxed e-con e-parent\" data-id=\"dbe4f7c\" data-element_type=\"container\" data-e-type=\"container\" data-settings=\"{&quot;background_background&quot;:&quot;video&quot;,&quot;background_video_link&quot;:&quot;https:\\\/\\\/videos.pexels.com\\\/video-files\\\/2776522\\\/2776522-uhd_3840_2160_30fps.mp4&quot;,&quot;background_video_start&quot;:1,&quot;background_video_end&quot;:30,&quot;background_play_on_mobile&quot;:&quot;yes&quot;}\">\n\t\t\t\t\t<div class=\"e-con-inner\">\n\t\t<div class=\"elementor-background-video-container\">\n\t\t\t\t\t\t\t<video class=\"elementor-background-video-hosted\" role=\"presentation\" autoplay muted playsinline loop><\/video>\n\t\t\t\t\t<\/div>\t\t<div class=\"elementor-element elementor-element-b7ee4f1 elementor-widget elementor-widget-heading\" data-id=\"b7ee4f1\" data-element_type=\"widget\" data-e-type=\"widget\" data-widget_type=\"heading.default\">\n\t\t\t\t<div class=\"elementor-widget-container\">\n\t\t\t\t\t<span class=\"elementor-heading-title elementor-size-default\">WPKurzus UI Dr\u00f3tv\u00e1z Csomag<\/span>\t\t\t\t<\/div>\n\t\t\t\t<\/div>\n\t\t\t\t<div class=\"elementor-element elementor-element-f65bfd3 elementor-widget__width-initial elementor-widget elementor-widget-heading\" data-id=\"f65bfd3\" data-element_type=\"widget\" data-e-type=\"widget\" data-widget_type=\"heading.default\">\n\t\t\t\t<div class=\"elementor-widget-container\">\n\t\t\t\t\t<h1 class=\"elementor-heading-title elementor-size-default\">K\u00e9sz\u00edts weboldalt egyszer\u0171en!<\/h1>\t\t\t\t<\/div>\n\t\t\t\t<\/div>\n\t\t\t\t<div class=\"elementor-element elementor-element-44f01c0 elementor-widget__width-initial elementor-widget elementor-widget-text-editor\" data-id=\"44f01c0\" data-element_type=\"widget\" data-e-type=\"widget\" data-widget_type=\"text-editor.default\">\n\t\t\t\t<div class=\"elementor-widget-container\">\n\t\t\t\t\t\t\t\t\t<p>Mutasd be a probl\u00e9m\u00e1t, amit megoldasz, emeld ki a c\u00e9lk\u00f6z\u00f6ns\u00e9get, bizony\u00edt\u00e9kaidat vagy egy el\u0151ny\u00f6d, funkci\u00f3d.<\/p>\t\t\t\t\t\t\t\t<\/div>\n\t\t\t\t<\/div>\n\t\t<div class=\"elementor-element elementor-element-9384584 e-flex e-con-boxed e-con e-child\" data-id=\"9384584\" data-element_type=\"container\" data-e-type=\"container\">\n\t\t\t\t\t<div class=\"e-con-inner\">\n\t\t<div class=\"elementor-element elementor-element-062d3fa e-flex e-con-boxed e-con e-child\" data-id=\"062d3fa\" data-element_type=\"container\" data-e-type=\"container\" data-settings=\"{&quot;background_background&quot;:&quot;classic&quot;}\">\n\t\t\t\t\t<div class=\"e-con-inner\">\n\t\t\t\t<div class=\"elementor-element elementor-element-6d7fb7f elementor-widget elementor-widget-heading\" data-id=\"6d7fb7f\" data-element_type=\"widget\" data-e-type=\"widget\" data-widget_type=\"heading.default\">\n\t\t\t\t<div class=\"elementor-widget-container\">\n\t\t\t\t\t<span class=\"elementor-heading-title elementor-size-default\">01<\/span>\t\t\t\t<\/div>\n\t\t\t\t<\/div>\n\t\t\t\t<div class=\"elementor-element elementor-element-9f60f9e elementor-widget elementor-widget-heading\" data-id=\"9f60f9e\" data-element_type=\"widget\" data-e-type=\"widget\" data-widget_type=\"heading.default\">\n\t\t\t\t<div class=\"elementor-widget-container\">\n\t\t\t\t\t<h3 class=\"elementor-heading-title elementor-size-default\">Els\u0151 funkci\u00f3, el\u0151ny<\/h3>\t\t\t\t<\/div>\n\t\t\t\t<\/div>\n\t\t\t\t<div class=\"elementor-element elementor-element-a38cfaa elementor-widget elementor-widget-text-editor\" data-id=\"a38cfaa\" data-element_type=\"widget\" data-e-type=\"widget\" data-widget_type=\"text-editor.default\">\n\t\t\t\t<div class=\"elementor-widget-container\">\n\t\t\t\t\t\t\t\t\t<p>Milyen a term\u00e9ked, mi\u00e9rt v\u00e1lasszon a l\u00e1togat\u00f3 t\u00e9ged?\u00a0<\/p>\t\t\t\t\t\t\t\t<\/div>\n\t\t\t\t<\/div>\n\t\t\t\t\t<\/div>\n\t\t\t\t<\/div>\n\t\t<div class=\"elementor-element elementor-element-64364eb e-flex e-con-boxed e-con e-child\" data-id=\"64364eb\" data-element_type=\"container\" data-e-type=\"container\" data-settings=\"{&quot;background_background&quot;:&quot;classic&quot;}\">\n\t\t\t\t\t<div class=\"e-con-inner\">\n\t\t\t\t<div class=\"elementor-element elementor-element-0228758 elementor-widget elementor-widget-heading\" data-id=\"0228758\" data-element_type=\"widget\" data-e-type=\"widget\" data-widget_type=\"heading.default\">\n\t\t\t\t<div class=\"elementor-widget-container\">\n\t\t\t\t\t<span class=\"elementor-heading-title elementor-size-default\">02<\/span>\t\t\t\t<\/div>\n\t\t\t\t<\/div>\n\t\t\t\t<div class=\"elementor-element elementor-element-7b3a3a3 elementor-widget elementor-widget-heading\" data-id=\"7b3a3a3\" data-element_type=\"widget\" data-e-type=\"widget\" data-widget_type=\"heading.default\">\n\t\t\t\t<div class=\"elementor-widget-container\">\n\t\t\t\t\t<h3 class=\"elementor-heading-title elementor-size-default\">M\u00e1sodik probl\u00e9ma<\/h3>\t\t\t\t<\/div>\n\t\t\t\t<\/div>\n\t\t\t\t<div class=\"elementor-element elementor-element-b3ffad9 elementor-widget elementor-widget-text-editor\" data-id=\"b3ffad9\" data-element_type=\"widget\" data-e-type=\"widget\" data-widget_type=\"text-editor.default\">\n\t\t\t\t<div class=\"elementor-widget-container\">\n\t\t\t\t\t\t\t\t\t<p>Milyen kih\u00edv\u00e1sokkal rendelkezik a felhaszn\u00e1l\u00f3, amit megoldasz?<\/p>\t\t\t\t\t\t\t\t<\/div>\n\t\t\t\t<\/div>\n\t\t\t\t\t<\/div>\n\t\t\t\t<\/div>\n\t\t<div class=\"elementor-element elementor-element-8de1d28 e-flex e-con-boxed e-con e-child\" data-id=\"8de1d28\" data-element_type=\"container\" data-e-type=\"container\" data-settings=\"{&quot;background_background&quot;:&quot;classic&quot;}\">\n\t\t\t\t\t<div class=\"e-con-inner\">\n\t\t\t\t<div class=\"elementor-element elementor-element-986b694 elementor-widget elementor-widget-heading\" data-id=\"986b694\" data-element_type=\"widget\" data-e-type=\"widget\" data-widget_type=\"heading.default\">\n\t\t\t\t<div class=\"elementor-widget-container\">\n\t\t\t\t\t<span class=\"elementor-heading-title elementor-size-default\">03<\/span>\t\t\t\t<\/div>\n\t\t\t\t<\/div>\n\t\t\t\t<div class=\"elementor-element elementor-element-a5c13d6 elementor-widget elementor-widget-heading\" data-id=\"a5c13d6\" data-element_type=\"widget\" data-e-type=\"widget\" data-widget_type=\"heading.default\">\n\t\t\t\t<div class=\"elementor-widget-container\">\n\t\t\t\t\t<h3 class=\"elementor-heading-title elementor-size-default\">Harmadik megold\u00e1s<\/h3>\t\t\t\t<\/div>\n\t\t\t\t<\/div>\n\t\t\t\t<div class=\"elementor-element elementor-element-1b91dc4 elementor-widget elementor-widget-text-editor\" data-id=\"1b91dc4\" data-element_type=\"widget\" data-e-type=\"widget\" data-widget_type=\"text-editor.default\">\n\t\t\t\t<div class=\"elementor-widget-container\">\n\t\t\t\t\t\t\t\t\t<p>A honlapod eszt\u00e9tikus k\u00fclalakja igenis fontos<\/p>\t\t\t\t\t\t\t\t<\/div>\n\t\t\t\t<\/div>\n\t\t\t\t\t<\/div>\n\t\t\t\t<\/div>\n\t\t\t\t\t<\/div>\n\t\t\t\t<\/div>\n\t\t\t\t\t<\/div>\n\t\t\t\t<\/div>\n\t\t\t\t<\/div>","protected":false},"excerpt":{"rendered":"<p>WPKurzus UI Dr\u00f3tv\u00e1z Csomag K\u00e9sz\u00edts weboldalt egyszer\u0171en! Mutasd be a probl\u00e9m\u00e1t, amit megoldasz, emeld ki a c\u00e9lk\u00f6z\u00f6ns\u00e9get, bizony\u00edt\u00e9kaidat vagy egy el\u0151ny\u00f6d, funkci\u00f3d. 01 Els\u0151 funkci\u00f3, el\u0151ny Milyen a term\u00e9ked, mi\u00e9rt v\u00e1lasszon a l\u00e1togat\u00f3 t\u00e9ged?\u00a0 02 M\u00e1sodik probl\u00e9ma Milyen kih\u00edv\u00e1sokkal rendelkezik a felhaszn\u00e1l\u00f3, amit megoldasz? 03 Harmadik megold\u00e1s A honlapod eszt\u00e9tikus k\u00fclalakja igenis fontos<\/p>","protected":false},"author":1,"featured_media":0,"parent":0,"menu_order":0,"comment_status":"closed","ping_status":"closed","template":"","meta":{"footnotes":""},"class_list":["post-2166","page","type-page","status-publish","hentry"],"yoast_head":"<!-- This site is optimized with the Yoast SEO plugin v26.9 - https:\/\/yoast.com\/product\/yoast-seo-wordpress\/ -->\n<title>Nelli \u00dasz\u00f3akad\u00e9mi\u00e1ja - FlorartWebdesign<\/title>\n<meta name=\"robots\" content=\"index, follow, max-snippet:-1, max-image-preview:large, max-video-preview:-1\" \/>\n<link rel=\"canonical\" href=\"https:\/\/florart-webdesign.hu\/en\/nelli-uszoakademiaja\/\" \/>\n<meta property=\"og:locale\" content=\"en_US\" \/>\n<meta property=\"og:type\" content=\"article\" \/>\n<meta property=\"og:title\" content=\"Nelli \u00dasz\u00f3akad\u00e9mi\u00e1ja - FlorartWebdesign\" \/>\n<meta property=\"og:description\" content=\"WPKurzus UI Dr\u00f3tv\u00e1z Csomag K\u00e9sz\u00edts weboldalt egyszer\u0171en! Mutasd be a probl\u00e9m\u00e1t, amit megoldasz, emeld ki a c\u00e9lk\u00f6z\u00f6ns\u00e9get, bizony\u00edt\u00e9kaidat vagy egy el\u0151ny\u00f6d, funkci\u00f3d. 01 Els\u0151 funkci\u00f3, el\u0151ny Milyen a term\u00e9ked, mi\u00e9rt v\u00e1lasszon a l\u00e1togat\u00f3 t\u00e9ged?\u00a0 02 M\u00e1sodik probl\u00e9ma Milyen kih\u00edv\u00e1sokkal rendelkezik a felhaszn\u00e1l\u00f3, amit megoldasz? 03 Harmadik megold\u00e1s A honlapod eszt\u00e9tikus k\u00fclalakja igenis fontos\" \/>\n<meta property=\"og:url\" content=\"https:\/\/florart-webdesign.hu\/en\/nelli-uszoakademiaja\/\" \/>\n<meta property=\"og:site_name\" content=\"FlorartWebdesign\" \/>\n<meta property=\"article:modified_time\" content=\"2024-06-19T09:39:52+00:00\" \/>\n<meta name=\"twitter:card\" content=\"summary_large_image\" \/>\n<meta name=\"twitter:label1\" content=\"Est. reading time\" \/>\n\t<meta name=\"twitter:data1\" content=\"1 minute\" \/>\n<script type=\"application\/ld+json\" class=\"yoast-schema-graph\">{\"@context\":\"https:\/\/schema.org\",\"@graph\":[{\"@type\":\"WebPage\",\"@id\":\"https:\/\/florart-webdesign.hu\/nelli-uszoakademiaja\/\",\"url\":\"https:\/\/florart-webdesign.hu\/nelli-uszoakademiaja\/\",\"name\":\"Nelli \u00dasz\u00f3akad\u00e9mi\u00e1ja - FlorartWebdesign\",\"isPartOf\":{\"@id\":\"https:\/\/florart-webdesign.hu\/#website\"},\"datePublished\":\"2024-04-01T17:45:40+00:00\",\"dateModified\":\"2024-06-19T09:39:52+00:00\",\"breadcrumb\":{\"@id\":\"https:\/\/florart-webdesign.hu\/nelli-uszoakademiaja\/#breadcrumb\"},\"inLanguage\":\"en-US\",\"potentialAction\":[{\"@type\":\"ReadAction\",\"target\":[\"https:\/\/florart-webdesign.hu\/nelli-uszoakademiaja\/\"]}]},{\"@type\":\"BreadcrumbList\",\"@id\":\"https:\/\/florart-webdesign.hu\/nelli-uszoakademiaja\/#breadcrumb\",\"itemListElement\":[{\"@type\":\"ListItem\",\"position\":1,\"name\":\"Kezd\u0151lap\",\"item\":\"https:\/\/florart-webdesign.hu\/\"},{\"@type\":\"ListItem\",\"position\":2,\"name\":\"Nelli \u00dasz\u00f3akad\u00e9mi\u00e1ja\"}]},{\"@type\":\"WebSite\",\"@id\":\"https:\/\/florart-webdesign.hu\/#website\",\"url\":\"https:\/\/florart-webdesign.hu\/\",\"name\":\"FlorartWebdesign\",\"description\":\"\",\"publisher\":{\"@id\":\"https:\/\/florart-webdesign.hu\/#organization\"},\"potentialAction\":[{\"@type\":\"SearchAction\",\"target\":{\"@type\":\"EntryPoint\",\"urlTemplate\":\"https:\/\/florart-webdesign.hu\/?s={search_term_string}\"},\"query-input\":{\"@type\":\"PropertyValueSpecification\",\"valueRequired\":true,\"valueName\":\"search_term_string\"}}],\"inLanguage\":\"en-US\"},{\"@type\":\"Organization\",\"@id\":\"https:\/\/florart-webdesign.hu\/#organization\",\"name\":\"FlorartWebdesign\",\"url\":\"https:\/\/florart-webdesign.hu\/\",\"logo\":{\"@type\":\"ImageObject\",\"inLanguage\":\"en-US\",\"@id\":\"https:\/\/florart-webdesign.hu\/#\/schema\/logo\/image\/\",\"url\":\"https:\/\/florart-webdesign.hu\/wp-content\/uploads\/2024\/01\/javitott-1.png\",\"contentUrl\":\"https:\/\/florart-webdesign.hu\/wp-content\/uploads\/2024\/01\/javitott-1.png\",\"width\":300,\"height\":126,\"caption\":\"FlorartWebdesign\"},\"image\":{\"@id\":\"https:\/\/florart-webdesign.hu\/#\/schema\/logo\/image\/\"}}]}<\/script>\n<!-- \/ Yoast SEO plugin. -->","yoast_head_json":{"title":"Nelli \u00dasz\u00f3akad\u00e9mi\u00e1ja - FlorartWebdesign","robots":{"index":"index","follow":"follow","max-snippet":"max-snippet:-1","max-image-preview":"max-image-preview:large","max-video-preview":"max-video-preview:-1"},"canonical":"https:\/\/florart-webdesign.hu\/en\/nelli-uszoakademiaja\/","og_locale":"en_US","og_type":"article","og_title":"Nelli \u00dasz\u00f3akad\u00e9mi\u00e1ja - FlorartWebdesign","og_description":"WPKurzus UI Dr\u00f3tv\u00e1z Csomag K\u00e9sz\u00edts weboldalt egyszer\u0171en! Mutasd be a probl\u00e9m\u00e1t, amit megoldasz, emeld ki a c\u00e9lk\u00f6z\u00f6ns\u00e9get, bizony\u00edt\u00e9kaidat vagy egy el\u0151ny\u00f6d, funkci\u00f3d. 01 Els\u0151 funkci\u00f3, el\u0151ny Milyen a term\u00e9ked, mi\u00e9rt v\u00e1lasszon a l\u00e1togat\u00f3 t\u00e9ged?\u00a0 02 M\u00e1sodik probl\u00e9ma Milyen kih\u00edv\u00e1sokkal rendelkezik a felhaszn\u00e1l\u00f3, amit megoldasz? 03 Harmadik megold\u00e1s A honlapod eszt\u00e9tikus k\u00fclalakja igenis fontos","og_url":"https:\/\/florart-webdesign.hu\/en\/nelli-uszoakademiaja\/","og_site_name":"FlorartWebdesign","article_modified_time":"2024-06-19T09:39:52+00:00","twitter_card":"summary_large_image","twitter_misc":{"Est. reading time":"1 minute"},"schema":{"@context":"https:\/\/schema.org","@graph":[{"@type":"WebPage","@id":"https:\/\/florart-webdesign.hu\/nelli-uszoakademiaja\/","url":"https:\/\/florart-webdesign.hu\/nelli-uszoakademiaja\/","name":"Nelli \u00dasz\u00f3akad\u00e9mi\u00e1ja - FlorartWebdesign","isPartOf":{"@id":"https:\/\/florart-webdesign.hu\/#website"},"datePublished":"2024-04-01T17:45:40+00:00","dateModified":"2024-06-19T09:39:52+00:00","breadcrumb":{"@id":"https:\/\/florart-webdesign.hu\/nelli-uszoakademiaja\/#breadcrumb"},"inLanguage":"en-US","potentialAction":[{"@type":"ReadAction","target":["https:\/\/florart-webdesign.hu\/nelli-uszoakademiaja\/"]}]},{"@type":"BreadcrumbList","@id":"https:\/\/florart-webdesign.hu\/nelli-uszoakademiaja\/#breadcrumb","itemListElement":[{"@type":"ListItem","position":1,"name":"Kezd\u0151lap","item":"https:\/\/florart-webdesign.hu\/"},{"@type":"ListItem","position":2,"name":"Nelli \u00dasz\u00f3akad\u00e9mi\u00e1ja"}]},{"@type":"WebSite","@id":"https:\/\/florart-webdesign.hu\/#website","url":"https:\/\/florart-webdesign.hu\/","name":"FlorartWebdesign","description":"","publisher":{"@id":"https:\/\/florart-webdesign.hu\/#organization"},"potentialAction":[{"@type":"SearchAction","target":{"@type":"EntryPoint","urlTemplate":"https:\/\/florart-webdesign.hu\/?s={search_term_string}"},"query-input":{"@type":"PropertyValueSpecification","valueRequired":true,"valueName":"search_term_string"}}],"inLanguage":"en-US"},{"@type":"Organization","@id":"https:\/\/florart-webdesign.hu\/#organization","name":"FlorartWebdesign","url":"https:\/\/florart-webdesign.hu\/","logo":{"@type":"ImageObject","inLanguage":"en-US","@id":"https:\/\/florart-webdesign.hu\/#\/schema\/logo\/image\/","url":"https:\/\/florart-webdesign.hu\/wp-content\/uploads\/2024\/01\/javitott-1.png","contentUrl":"https:\/\/florart-webdesign.hu\/wp-content\/uploads\/2024\/01\/javitott-1.png","width":300,"height":126,"caption":"FlorartWebdesign"},"image":{"@id":"https:\/\/florart-webdesign.hu\/#\/schema\/logo\/image\/"}}]}},"jetpack_sharing_enabled":true,"_links":{"self":[{"href":"https:\/\/florart-webdesign.hu\/en\/wp-json\/wp\/v2\/pages\/2166","targetHints":{"allow":["GET"]}}],"collection":[{"href":"https:\/\/florart-webdesign.hu\/en\/wp-json\/wp\/v2\/pages"}],"about":[{"href":"https:\/\/florart-webdesign.hu\/en\/wp-json\/wp\/v2\/types\/page"}],"author":[{"embeddable":true,"href":"https:\/\/florart-webdesign.hu\/en\/wp-json\/wp\/v2\/users\/1"}],"replies":[{"embeddable":true,"href":"https:\/\/florart-webdesign.hu\/en\/wp-json\/wp\/v2\/comments?post=2166"}],"version-history":[{"count":22,"href":"https:\/\/florart-webdesign.hu\/en\/wp-json\/wp\/v2\/pages\/2166\/revisions"}],"predecessor-version":[{"id":2468,"href":"https:\/\/florart-webdesign.hu\/en\/wp-json\/wp\/v2\/pages\/2166\/revisions\/2468"}],"wp:attachment":[{"href":"https:\/\/florart-webdesign.hu\/en\/wp-json\/wp\/v2\/media?parent=2166"}],"curies":[{"name":"wp","href":"https:\/\/api.w.org\/{rel}","templated":true}]}}