{"id":1162,"date":"2024-03-05T15:44:46","date_gmt":"2024-03-05T14:44:46","guid":{"rendered":"https:\/\/florart-webdesign.hu\/?page_id=1162"},"modified":"2024-03-05T16:37:00","modified_gmt":"2024-03-05T15:37:00","slug":"alt-szerz-felt","status":"publish","type":"page","link":"https:\/\/florart-webdesign.hu\/en\/alt-szerz-felt\/","title":{"rendered":"\u00c1lt.szerz.felt"},"content":{"rendered":"<div data-elementor-type=\"wp-page\" data-elementor-id=\"1162\" class=\"elementor elementor-1162\" data-elementor-post-type=\"page\">\n\t\t\t\t<div class=\"elementor-element elementor-element-745c69d e-flex e-con-boxed e-con e-parent\" data-id=\"745c69d\" data-element_type=\"container\" data-e-type=\"container\" data-settings=\"{&quot;background_background&quot;:&quot;classic&quot;}\">\n\t\t\t\t\t<div class=\"e-con-inner\">\n\t\t<div class=\"elementor-element elementor-element-e37686c e-con-full e-flex e-con e-child\" data-id=\"e37686c\" data-element_type=\"container\" data-e-type=\"container\">\n\t\t\t\t<div class=\"elementor-element elementor-element-318d574 elementor-widget elementor-widget-heading\" data-id=\"318d574\" data-element_type=\"widget\" data-e-type=\"widget\" data-widget_type=\"heading.default\">\n\t\t\t\t<div class=\"elementor-widget-container\">\n\t\t\t\t\t<span class=\"elementor-heading-title elementor-size-default\"><a href=\"https:\/\/florart-webdesign.hu\/en\/proj_jog\/#szakteruletek\">Szakter\u00fcletek<\/a><\/span>\t\t\t\t<\/div>\n\t\t\t\t<\/div>\n\t\t\t\t<div class=\"elementor-element elementor-element-5272201 elementor-widget elementor-widget-menu-anchor\" data-id=\"5272201\" data-element_type=\"widget\" data-e-type=\"widget\" data-widget_type=\"menu-anchor.default\">\n\t\t\t\t<div class=\"elementor-widget-container\">\n\t\t\t\t\t\t\t<div class=\"elementor-menu-anchor\" id=\"gdpr\"><\/div>\n\t\t\t\t\t\t<\/div>\n\t\t\t\t<\/div>\n\t\t\t\t<div class=\"elementor-element elementor-element-b45c2ec elementor-widget elementor-widget-heading\" data-id=\"b45c2ec\" data-element_type=\"widget\" data-e-type=\"widget\" data-widget_type=\"heading.default\">\n\t\t\t\t<div class=\"elementor-widget-container\">\n\t\t\t\t\t<h1 class=\"elementor-heading-title elementor-size-default\">Adatkezel\u00e9si nyilatkozat (GDPR) \u00e9s kapcsolatok<\/h1>\t\t\t\t<\/div>\n\t\t\t\t<\/div>\n\t\t<div class=\"elementor-element elementor-element-9f0f0a3 e-flex e-con-boxed e-con e-child\" data-id=\"9f0f0a3\" data-element_type=\"container\" data-e-type=\"container\">\n\t\t\t\t\t<div class=\"e-con-inner\">\n\t\t\t\t<div class=\"elementor-element elementor-element-40e76ad elementor-widget elementor-widget-text-editor\" data-id=\"40e76ad\" data-element_type=\"widget\" data-e-type=\"widget\" data-widget_type=\"text-editor.default\">\n\t\t\t\t<div class=\"elementor-widget-container\">\n\t\t\t\t\t\t\t\t\t<p>Adatkezel\u00e9si nyilatkozat\u00a0(GDPR):\u00a0<span style=\"text-align: var(--text-align);\">ez a honlap l\u00e1togat\u00f3i vagy \u00fcgyf\u00e9ladatokat nem kezel, az \u00fcgyv\u00e9di iroda informatikai \u00e9s adatkezel\u0151 fel\u00fcleteire\u00a0m\u00f6g\u00f6ttes hozz\u00e1f\u00e9r\u00e9ssel, kapcsolattal nem rendelkezik.<\/span><\/p><p>\u00dcgyv\u00e9di megb\u00edz\u00e1s eset\u00e9n az adott \u00fcgyre vonatkoz\u00f3 k\u00fcl\u00f6n adatkezel\u00e9si protokoll \u00e1ll rendelkez\u00e9sre \u2013 err\u0151l az \u00fcgyf\u00e9l r\u00e9szletes t\u00e1j\u00e9koztat\u00e1st kap.<\/p><p>Ezt a honlapot a Dr Csonka \u00dcgyv\u00e9di Iroda, mint a Veszpr\u00e9m Megyei \u00dcgyv\u00e9di Kamar\u00e1ban bejegyzett \u00fcgyv\u00e9di iroda tartja fenn az \u00fcgyv\u00e9dekre vonatkoz\u00f3 jogszab\u00e1lyok \u00e9s bels\u0151 szab\u00e1lyzatok szerint, melyek az \u00fcgyf\u00e9ljogokra vonatkoz\u00f3 t\u00e1j\u00e9koztat\u00e1ssal egy\u00fctt a\u00a0www.magyarugyvedikamara.hu\u00a0honlapon tal\u00e1lhat\u00f3ak.<\/p><p>\u00a0<\/p><p>Kapcsolat:<\/p><p>e-mail:\u00a0csbalazs@invitel.hu<br \/>tel\/sms: +36 70\u00a0379 04 97<br \/>8200 Veszpr\u00e9m, M\u00e1rt\u00edrok \u00fatja 3\/A<br \/>postac\u00edm: 8229 Csopak, Pf.: 24.<\/p><p>Fi\u00f3kirod\u00e1k: \u2028<\/p><p>6726 Szeged, T\u00e1rogat\u00f3 u. 22\/B<br \/>1122 Budapest, Csaba u. 28.<\/p>\t\t\t\t\t\t\t\t<\/div>\n\t\t\t\t<\/div>\n\t\t\t\t\t<\/div>\n\t\t\t\t<\/div>\n\t\t\t\t<\/div>\n\t\t\t\t\t<\/div>\n\t\t\t\t<\/div>\n\t\t<div class=\"elementor-element elementor-element-cda7759 e-flex e-con-boxed e-con e-parent\" data-id=\"cda7759\" data-element_type=\"container\" data-e-type=\"container\" data-settings=\"{&quot;background_background&quot;:&quot;classic&quot;}\">\n\t\t\t\t\t<div class=\"e-con-inner\">\n\t\t<div class=\"elementor-element elementor-element-463ddd9 e-flex e-con-boxed e-con e-child\" data-id=\"463ddd9\" data-element_type=\"container\" data-e-type=\"container\" data-settings=\"{&quot;background_background&quot;:&quot;classic&quot;}\">\n\t\t\t\t\t<div class=\"e-con-inner\">\n\t\t<div class=\"elementor-element elementor-element-760d13f e-con-full e-flex e-con e-child\" data-id=\"760d13f\" data-element_type=\"container\" data-e-type=\"container\">\n\t\t\t\t<div class=\"elementor-element elementor-element-f94ab79 elementor-widget elementor-widget-heading\" data-id=\"f94ab79\" data-element_type=\"widget\" data-e-type=\"widget\" data-widget_type=\"heading.default\">\n\t\t\t\t<div class=\"elementor-widget-container\">\n\t\t\t\t\t<h2 class=\"elementor-heading-title elementor-size-default\">Contact<\/h2>\t\t\t\t<\/div>\n\t\t\t\t<\/div>\n\t\t\t\t<\/div>\n\t\t<div class=\"elementor-element elementor-element-6faa17c e-con-full e-flex e-con e-child\" data-id=\"6faa17c\" data-element_type=\"container\" data-e-type=\"container\">\n\t\t\t\t<div class=\"elementor-element elementor-element-83b0b22 elementor-widget elementor-widget-text-editor\" data-id=\"83b0b22\" data-element_type=\"widget\" data-e-type=\"widget\" data-widget_type=\"text-editor.default\">\n\t\t\t\t<div class=\"elementor-widget-container\">\n\t\t\t\t\t\t\t\t\t<p><span style=\"font-weight: 400;\">Honeste vivere, alterum non laedere, suum cuique tribuere.<\/span><\/p><p><span style=\"font-weight: 400;\">Becs\u00fcletesen \u00e9lni, m\u00e1snak nem \u00e1rtani, mindenkinek megadni, ami j\u00e1r.<\/span><\/p>\t\t\t\t\t\t\t\t<\/div>\n\t\t\t\t<\/div>\n\t\t\t\t<\/div>\n\t\t<div class=\"elementor-element elementor-element-61c4991 e-con-full e-flex e-con e-child\" data-id=\"61c4991\" data-element_type=\"container\" data-e-type=\"container\">\n\t\t\t\t<div class=\"elementor-element elementor-element-f5c7de2 elementor-icon-list--layout-traditional elementor-list-item-link-full_width elementor-widget elementor-widget-icon-list\" data-id=\"f5c7de2\" data-element_type=\"widget\" data-e-type=\"widget\" data-widget_type=\"icon-list.default\">\n\t\t\t\t<div class=\"elementor-widget-container\">\n\t\t\t\t\t\t\t<ul class=\"elementor-icon-list-items\">\n\t\t\t\t\t\t\t<li class=\"elementor-icon-list-item\">\n\t\t\t\t\t\t\t\t\t\t\t<span class=\"elementor-icon-list-icon\">\n\t\t\t\t\t\t\t<i aria-hidden=\"true\" class=\"far fa-envelope\"><\/i>\t\t\t\t\t\t<\/span>\n\t\t\t\t\t\t\t\t\t\t<span class=\"elementor-icon-list-text\">csbalazs@invitel.hu<\/span>\n\t\t\t\t\t\t\t\t\t<\/li>\n\t\t\t\t\t\t<\/ul>\n\t\t\t\t\t\t<\/div>\n\t\t\t\t<\/div>\n\t\t\t\t<div class=\"elementor-element elementor-element-87cc7a2 elementor-icon-list--layout-traditional elementor-list-item-link-full_width elementor-widget elementor-widget-icon-list\" data-id=\"87cc7a2\" data-element_type=\"widget\" data-e-type=\"widget\" data-widget_type=\"icon-list.default\">\n\t\t\t\t<div class=\"elementor-widget-container\">\n\t\t\t\t\t\t\t<ul class=\"elementor-icon-list-items\">\n\t\t\t\t\t\t\t<li class=\"elementor-icon-list-item\">\n\t\t\t\t\t\t\t\t\t\t\t<span class=\"elementor-icon-list-icon\">\n\t\t\t\t\t\t\t<i aria-hidden=\"true\" class=\"fas fa-phone-alt\"><\/i>\t\t\t\t\t\t<\/span>\n\t\t\t\t\t\t\t\t\t\t<span class=\"elementor-icon-list-text\">+36 70 379 0497<\/span>\n\t\t\t\t\t\t\t\t\t<\/li>\n\t\t\t\t\t\t\t\t<li class=\"elementor-icon-list-item\">\n\t\t\t\t\t\t\t\t\t\t\t<span class=\"elementor-icon-list-icon\">\n\t\t\t\t\t\t\t<i aria-hidden=\"true\" class=\"fas fa-map-marker-alt\"><\/i>\t\t\t\t\t\t<\/span>\n\t\t\t\t\t\t\t\t\t\t<span class=\"elementor-icon-list-text\">8200 Veszpr\u00e9m, M\u00e1rt\u00edrok \u00fatja 3\/A<\/span>\n\t\t\t\t\t\t\t\t\t<\/li>\n\t\t\t\t\t\t\t\t<li class=\"elementor-icon-list-item\">\n\t\t\t\t\t\t\t\t\t\t\t<span class=\"elementor-icon-list-icon\">\n\t\t\t\t\t\t\t<i aria-hidden=\"true\" class=\"far fa-paper-plane\"><\/i>\t\t\t\t\t\t<\/span>\n\t\t\t\t\t\t\t\t\t\t<span class=\"elementor-icon-list-text\">8200 Veszpr\u00e9m, M\u00e1rt\u00edrok \u00fatja 3\/A<\/span>\n\t\t\t\t\t\t\t\t\t<\/li>\n\t\t\t\t\t\t<\/ul>\n\t\t\t\t\t\t<\/div>\n\t\t\t\t<\/div>\n\t\t\t\t<\/div>\n\t\t\t\t\t<\/div>\n\t\t\t\t<\/div>\n\t\t\t\t\t<\/div>\n\t\t\t\t<\/div>\n\t\t\t\t<\/div>","protected":false},"excerpt":{"rendered":"<p>Szakter\u00fcletek Adatkezel\u00e9si nyilatkozat (GDPR) \u00e9s kapcsolatok Adatkezel\u00e9si nyilatkozat\u00a0(GDPR):\u00a0ez a honlap l\u00e1togat\u00f3i vagy \u00fcgyf\u00e9ladatokat nem kezel, az \u00fcgyv\u00e9di iroda informatikai \u00e9s adatkezel\u0151 fel\u00fcleteire\u00a0m\u00f6g\u00f6ttes hozz\u00e1f\u00e9r\u00e9ssel, kapcsolattal nem rendelkezik. \u00dcgyv\u00e9di megb\u00edz\u00e1s eset\u00e9n az adott \u00fcgyre vonatkoz\u00f3 k\u00fcl\u00f6n adatkezel\u00e9si protokoll \u00e1ll rendelkez\u00e9sre \u2013 err\u0151l az \u00fcgyf\u00e9l r\u00e9szletes t\u00e1j\u00e9koztat\u00e1st kap. Ezt a honlapot a Dr Csonka \u00dcgyv\u00e9di Iroda, mint a [&hellip;]<\/p>","protected":false},"author":4,"featured_media":0,"parent":0,"menu_order":0,"comment_status":"closed","ping_status":"closed","template":"","meta":{"footnotes":""},"class_list":["post-1162","page","type-page","status-publish","hentry"],"yoast_head":"<!-- This site is optimized with the Yoast SEO plugin v26.9 - https:\/\/yoast.com\/product\/yoast-seo-wordpress\/ -->\n<title>\u00c1lt.szerz.felt - FlorartWebdesign<\/title>\n<meta name=\"robots\" content=\"index, follow, max-snippet:-1, max-image-preview:large, max-video-preview:-1\" \/>\n<link rel=\"canonical\" href=\"https:\/\/florart-webdesign.hu\/en\/alt-szerz-felt\/\" \/>\n<meta property=\"og:locale\" content=\"en_US\" \/>\n<meta property=\"og:type\" content=\"article\" \/>\n<meta property=\"og:title\" content=\"\u00c1lt.szerz.felt - FlorartWebdesign\" \/>\n<meta property=\"og:description\" content=\"Szakter\u00fcletek Adatkezel\u00e9si nyilatkozat (GDPR) \u00e9s kapcsolatok Adatkezel\u00e9si nyilatkozat\u00a0(GDPR):\u00a0ez a honlap l\u00e1togat\u00f3i vagy \u00fcgyf\u00e9ladatokat nem kezel, az \u00fcgyv\u00e9di iroda informatikai \u00e9s adatkezel\u0151 fel\u00fcleteire\u00a0m\u00f6g\u00f6ttes hozz\u00e1f\u00e9r\u00e9ssel, kapcsolattal nem rendelkezik. \u00dcgyv\u00e9di megb\u00edz\u00e1s eset\u00e9n az adott \u00fcgyre vonatkoz\u00f3 k\u00fcl\u00f6n adatkezel\u00e9si protokoll \u00e1ll rendelkez\u00e9sre \u2013 err\u0151l az \u00fcgyf\u00e9l r\u00e9szletes t\u00e1j\u00e9koztat\u00e1st kap. Ezt a honlapot a Dr Csonka \u00dcgyv\u00e9di Iroda, mint a [&hellip;]\" \/>\n<meta property=\"og:url\" content=\"https:\/\/florart-webdesign.hu\/en\/alt-szerz-felt\/\" \/>\n<meta property=\"og:site_name\" content=\"FlorartWebdesign\" \/>\n<meta property=\"article:modified_time\" content=\"2024-03-05T15:37:00+00:00\" \/>\n<meta name=\"twitter:card\" content=\"summary_large_image\" \/>\n<meta name=\"twitter:label1\" content=\"Est. reading time\" \/>\n\t<meta name=\"twitter:data1\" content=\"1 minute\" \/>\n<script type=\"application\/ld+json\" class=\"yoast-schema-graph\">{\"@context\":\"https:\/\/schema.org\",\"@graph\":[{\"@type\":\"WebPage\",\"@id\":\"https:\/\/florart-webdesign.hu\/alt-szerz-felt\/\",\"url\":\"https:\/\/florart-webdesign.hu\/alt-szerz-felt\/\",\"name\":\"\u00c1lt.szerz.felt - FlorartWebdesign\",\"isPartOf\":{\"@id\":\"https:\/\/florart-webdesign.hu\/#website\"},\"datePublished\":\"2024-03-05T14:44:46+00:00\",\"dateModified\":\"2024-03-05T15:37:00+00:00\",\"breadcrumb\":{\"@id\":\"https:\/\/florart-webdesign.hu\/alt-szerz-felt\/#breadcrumb\"},\"inLanguage\":\"en-US\",\"potentialAction\":[{\"@type\":\"ReadAction\",\"target\":[\"https:\/\/florart-webdesign.hu\/alt-szerz-felt\/\"]}]},{\"@type\":\"BreadcrumbList\",\"@id\":\"https:\/\/florart-webdesign.hu\/alt-szerz-felt\/#breadcrumb\",\"itemListElement\":[{\"@type\":\"ListItem\",\"position\":1,\"name\":\"Kezd\u0151lap\",\"item\":\"https:\/\/florart-webdesign.hu\/\"},{\"@type\":\"ListItem\",\"position\":2,\"name\":\"\u00c1lt.szerz.felt\"}]},{\"@type\":\"WebSite\",\"@id\":\"https:\/\/florart-webdesign.hu\/#website\",\"url\":\"https:\/\/florart-webdesign.hu\/\",\"name\":\"FlorartWebdesign\",\"description\":\"\",\"publisher\":{\"@id\":\"https:\/\/florart-webdesign.hu\/#organization\"},\"potentialAction\":[{\"@type\":\"SearchAction\",\"target\":{\"@type\":\"EntryPoint\",\"urlTemplate\":\"https:\/\/florart-webdesign.hu\/?s={search_term_string}\"},\"query-input\":{\"@type\":\"PropertyValueSpecification\",\"valueRequired\":true,\"valueName\":\"search_term_string\"}}],\"inLanguage\":\"en-US\"},{\"@type\":\"Organization\",\"@id\":\"https:\/\/florart-webdesign.hu\/#organization\",\"name\":\"FlorartWebdesign\",\"url\":\"https:\/\/florart-webdesign.hu\/\",\"logo\":{\"@type\":\"ImageObject\",\"inLanguage\":\"en-US\",\"@id\":\"https:\/\/florart-webdesign.hu\/#\/schema\/logo\/image\/\",\"url\":\"https:\/\/florart-webdesign.hu\/wp-content\/uploads\/2024\/01\/javitott-1.png\",\"contentUrl\":\"https:\/\/florart-webdesign.hu\/wp-content\/uploads\/2024\/01\/javitott-1.png\",\"width\":300,\"height\":126,\"caption\":\"FlorartWebdesign\"},\"image\":{\"@id\":\"https:\/\/florart-webdesign.hu\/#\/schema\/logo\/image\/\"}}]}<\/script>\n<!-- \/ Yoast SEO plugin. -->","yoast_head_json":{"title":"\u00c1lt.szerz.felt - FlorartWebdesign","robots":{"index":"index","follow":"follow","max-snippet":"max-snippet:-1","max-image-preview":"max-image-preview:large","max-video-preview":"max-video-preview:-1"},"canonical":"https:\/\/florart-webdesign.hu\/en\/alt-szerz-felt\/","og_locale":"en_US","og_type":"article","og_title":"\u00c1lt.szerz.felt - FlorartWebdesign","og_description":"Szakter\u00fcletek Adatkezel\u00e9si nyilatkozat (GDPR) \u00e9s kapcsolatok Adatkezel\u00e9si nyilatkozat\u00a0(GDPR):\u00a0ez a honlap l\u00e1togat\u00f3i vagy \u00fcgyf\u00e9ladatokat nem kezel, az \u00fcgyv\u00e9di iroda informatikai \u00e9s adatkezel\u0151 fel\u00fcleteire\u00a0m\u00f6g\u00f6ttes hozz\u00e1f\u00e9r\u00e9ssel, kapcsolattal nem rendelkezik. \u00dcgyv\u00e9di megb\u00edz\u00e1s eset\u00e9n az adott \u00fcgyre vonatkoz\u00f3 k\u00fcl\u00f6n adatkezel\u00e9si protokoll \u00e1ll rendelkez\u00e9sre \u2013 err\u0151l az \u00fcgyf\u00e9l r\u00e9szletes t\u00e1j\u00e9koztat\u00e1st kap. Ezt a honlapot a Dr Csonka \u00dcgyv\u00e9di Iroda, mint a [&hellip;]","og_url":"https:\/\/florart-webdesign.hu\/en\/alt-szerz-felt\/","og_site_name":"FlorartWebdesign","article_modified_time":"2024-03-05T15:37:00+00:00","twitter_card":"summary_large_image","twitter_misc":{"Est. reading time":"1 minute"},"schema":{"@context":"https:\/\/schema.org","@graph":[{"@type":"WebPage","@id":"https:\/\/florart-webdesign.hu\/alt-szerz-felt\/","url":"https:\/\/florart-webdesign.hu\/alt-szerz-felt\/","name":"\u00c1lt.szerz.felt - FlorartWebdesign","isPartOf":{"@id":"https:\/\/florart-webdesign.hu\/#website"},"datePublished":"2024-03-05T14:44:46+00:00","dateModified":"2024-03-05T15:37:00+00:00","breadcrumb":{"@id":"https:\/\/florart-webdesign.hu\/alt-szerz-felt\/#breadcrumb"},"inLanguage":"en-US","potentialAction":[{"@type":"ReadAction","target":["https:\/\/florart-webdesign.hu\/alt-szerz-felt\/"]}]},{"@type":"BreadcrumbList","@id":"https:\/\/florart-webdesign.hu\/alt-szerz-felt\/#breadcrumb","itemListElement":[{"@type":"ListItem","position":1,"name":"Kezd\u0151lap","item":"https:\/\/florart-webdesign.hu\/"},{"@type":"ListItem","position":2,"name":"\u00c1lt.szerz.felt"}]},{"@type":"WebSite","@id":"https:\/\/florart-webdesign.hu\/#website","url":"https:\/\/florart-webdesign.hu\/","name":"FlorartWebdesign","description":"","publisher":{"@id":"https:\/\/florart-webdesign.hu\/#organization"},"potentialAction":[{"@type":"SearchAction","target":{"@type":"EntryPoint","urlTemplate":"https:\/\/florart-webdesign.hu\/?s={search_term_string}"},"query-input":{"@type":"PropertyValueSpecification","valueRequired":true,"valueName":"search_term_string"}}],"inLanguage":"en-US"},{"@type":"Organization","@id":"https:\/\/florart-webdesign.hu\/#organization","name":"FlorartWebdesign","url":"https:\/\/florart-webdesign.hu\/","logo":{"@type":"ImageObject","inLanguage":"en-US","@id":"https:\/\/florart-webdesign.hu\/#\/schema\/logo\/image\/","url":"https:\/\/florart-webdesign.hu\/wp-content\/uploads\/2024\/01\/javitott-1.png","contentUrl":"https:\/\/florart-webdesign.hu\/wp-content\/uploads\/2024\/01\/javitott-1.png","width":300,"height":126,"caption":"FlorartWebdesign"},"image":{"@id":"https:\/\/florart-webdesign.hu\/#\/schema\/logo\/image\/"}}]}},"jetpack_sharing_enabled":true,"_links":{"self":[{"href":"https:\/\/florart-webdesign.hu\/en\/wp-json\/wp\/v2\/pages\/1162","targetHints":{"allow":["GET"]}}],"collection":[{"href":"https:\/\/florart-webdesign.hu\/en\/wp-json\/wp\/v2\/pages"}],"about":[{"href":"https:\/\/florart-webdesign.hu\/en\/wp-json\/wp\/v2\/types\/page"}],"author":[{"embeddable":true,"href":"https:\/\/florart-webdesign.hu\/en\/wp-json\/wp\/v2\/users\/4"}],"replies":[{"embeddable":true,"href":"https:\/\/florart-webdesign.hu\/en\/wp-json\/wp\/v2\/comments?post=1162"}],"version-history":[{"count":4,"href":"https:\/\/florart-webdesign.hu\/en\/wp-json\/wp\/v2\/pages\/1162\/revisions"}],"predecessor-version":[{"id":1181,"href":"https:\/\/florart-webdesign.hu\/en\/wp-json\/wp\/v2\/pages\/1162\/revisions\/1181"}],"wp:attachment":[{"href":"https:\/\/florart-webdesign.hu\/en\/wp-json\/wp\/v2\/media?parent=1162"}],"curies":[{"name":"wp","href":"https:\/\/api.w.org\/{rel}","templated":true}]}}