{"id":1105,"date":"2024-03-04T19:33:50","date_gmt":"2024-03-04T18:33:50","guid":{"rendered":"https:\/\/florart-webdesign.hu\/?page_id=1105"},"modified":"2024-03-04T20:07:13","modified_gmt":"2024-03-04T19:07:13","slug":"egyeb-kompetenciak","status":"publish","type":"page","link":"https:\/\/florart-webdesign.hu\/en\/egyeb-kompetenciak\/","title":{"rendered":"Egy\u00e9b kompetenci\u00e1k"},"content":{"rendered":"<div data-elementor-type=\"wp-page\" data-elementor-id=\"1105\" class=\"elementor elementor-1105\" data-elementor-post-type=\"page\">\n\t\t\t\t<div class=\"elementor-element elementor-element-47bbee3 e-flex e-con-boxed e-con e-parent\" data-id=\"47bbee3\" data-element_type=\"container\" data-e-type=\"container\" data-settings=\"{&quot;background_background&quot;:&quot;classic&quot;}\">\n\t\t\t\t\t<div class=\"e-con-inner\">\n\t\t<div class=\"elementor-element elementor-element-13fc84d e-con-full e-flex e-con e-child\" data-id=\"13fc84d\" data-element_type=\"container\" data-e-type=\"container\">\n\t\t\t\t<div class=\"elementor-element elementor-element-c4c6bf2 elementor-widget elementor-widget-heading\" data-id=\"c4c6bf2\" data-element_type=\"widget\" data-e-type=\"widget\" data-widget_type=\"heading.default\">\n\t\t\t\t<div class=\"elementor-widget-container\">\n\t\t\t\t\t<span class=\"elementor-heading-title elementor-size-default\"><a href=\"https:\/\/florart-webdesign.hu\/en\/proj_jog\/#szakteruletek\">Szakter\u00fcletek<\/a><\/span>\t\t\t\t<\/div>\n\t\t\t\t<\/div>\n\t\t\t\t<div class=\"elementor-element elementor-element-6d283b7 elementor-widget elementor-widget-heading\" data-id=\"6d283b7\" data-element_type=\"widget\" data-e-type=\"widget\" data-widget_type=\"heading.default\">\n\t\t\t\t<div class=\"elementor-widget-container\">\n\t\t\t\t\t<h1 class=\"elementor-heading-title elementor-size-default\">Tartoz\u00e1srendez\u00e9s<\/h1>\t\t\t\t<\/div>\n\t\t\t\t<\/div>\n\t\t\t\t<div class=\"elementor-element elementor-element-07e1ed5 elementor-icon-list--layout-traditional elementor-list-item-link-full_width elementor-widget elementor-widget-icon-list\" data-id=\"07e1ed5\" data-element_type=\"widget\" data-e-type=\"widget\" data-widget_type=\"icon-list.default\">\n\t\t\t\t<div class=\"elementor-widget-container\">\n\t\t\t\t\t\t\t<ul class=\"elementor-icon-list-items\">\n\t\t\t\t\t\t\t<li class=\"elementor-icon-list-item\">\n\t\t\t\t\t\t\t\t\t\t<span class=\"elementor-icon-list-text\">\u2013 sz\u00f6veg- \u00e9s besz\u00e9d\u00edr\u00f3i tapasztalat; <\/span>\n\t\t\t\t\t\t\t\t\t<\/li>\n\t\t\t\t\t\t\t\t<li class=\"elementor-icon-list-item\">\n\t\t\t\t\t\t\t\t\t\t<span class=\"elementor-icon-list-text\">\u2013 felek k\u00f6z\u00f6tti k\u00f6zvet\u00edt\u00e9s (medi\u00e1ci\u00f3);<\/span>\n\t\t\t\t\t\t\t\t\t<\/li>\n\t\t\t\t\t\t<\/ul>\n\t\t\t\t\t\t<\/div>\n\t\t\t\t<\/div>\n\t\t\t\t<\/div>\n\t\t\t\t\t<\/div>\n\t\t\t\t<\/div>\n\t\t<div class=\"elementor-element elementor-element-9c29648 e-flex e-con-boxed e-con e-parent\" data-id=\"9c29648\" data-element_type=\"container\" data-e-type=\"container\" data-settings=\"{&quot;background_background&quot;:&quot;classic&quot;}\">\n\t\t\t\t\t<div class=\"e-con-inner\">\n\t\t<div class=\"elementor-element elementor-element-4453bc0 e-flex e-con-boxed e-con e-child\" data-id=\"4453bc0\" data-element_type=\"container\" data-e-type=\"container\" data-settings=\"{&quot;background_background&quot;:&quot;classic&quot;}\">\n\t\t\t\t\t<div class=\"e-con-inner\">\n\t\t<div class=\"elementor-element elementor-element-7b92f54 e-con-full e-flex e-con e-child\" data-id=\"7b92f54\" data-element_type=\"container\" data-e-type=\"container\">\n\t\t\t\t<div class=\"elementor-element elementor-element-0489467 elementor-widget elementor-widget-heading\" data-id=\"0489467\" data-element_type=\"widget\" data-e-type=\"widget\" data-widget_type=\"heading.default\">\n\t\t\t\t<div class=\"elementor-widget-container\">\n\t\t\t\t\t<h2 class=\"elementor-heading-title elementor-size-default\">Contact<\/h2>\t\t\t\t<\/div>\n\t\t\t\t<\/div>\n\t\t\t\t<\/div>\n\t\t<div class=\"elementor-element elementor-element-6456da3 e-con-full e-flex e-con e-child\" data-id=\"6456da3\" data-element_type=\"container\" data-e-type=\"container\">\n\t\t\t\t<div class=\"elementor-element elementor-element-24773c8 elementor-widget elementor-widget-text-editor\" data-id=\"24773c8\" data-element_type=\"widget\" data-e-type=\"widget\" data-widget_type=\"text-editor.default\">\n\t\t\t\t<div class=\"elementor-widget-container\">\n\t\t\t\t\t\t\t\t\t<p><span style=\"font-weight: 400;\">Honeste vivere, alterum non laedere, suum cuique tribuere.<\/span><\/p><p><span style=\"font-weight: 400;\">Becs\u00fcletesen \u00e9lni, m\u00e1snak nem \u00e1rtani, mindenkinek megadni, ami j\u00e1r.<\/span><\/p>\t\t\t\t\t\t\t\t<\/div>\n\t\t\t\t<\/div>\n\t\t\t\t<\/div>\n\t\t<div class=\"elementor-element elementor-element-075f4e8 e-con-full e-flex e-con e-child\" data-id=\"075f4e8\" data-element_type=\"container\" data-e-type=\"container\">\n\t\t\t\t<div class=\"elementor-element elementor-element-000ff64 elementor-icon-list--layout-traditional elementor-list-item-link-full_width elementor-widget elementor-widget-icon-list\" data-id=\"000ff64\" data-element_type=\"widget\" data-e-type=\"widget\" data-widget_type=\"icon-list.default\">\n\t\t\t\t<div class=\"elementor-widget-container\">\n\t\t\t\t\t\t\t<ul class=\"elementor-icon-list-items\">\n\t\t\t\t\t\t\t<li class=\"elementor-icon-list-item\">\n\t\t\t\t\t\t\t\t\t\t\t<span class=\"elementor-icon-list-icon\">\n\t\t\t\t\t\t\t<i aria-hidden=\"true\" class=\"far fa-envelope\"><\/i>\t\t\t\t\t\t<\/span>\n\t\t\t\t\t\t\t\t\t\t<span class=\"elementor-icon-list-text\">csbalazs@invitel.hu<\/span>\n\t\t\t\t\t\t\t\t\t<\/li>\n\t\t\t\t\t\t<\/ul>\n\t\t\t\t\t\t<\/div>\n\t\t\t\t<\/div>\n\t\t\t\t<div class=\"elementor-element elementor-element-30aa006 elementor-icon-list--layout-traditional elementor-list-item-link-full_width elementor-widget elementor-widget-icon-list\" data-id=\"30aa006\" data-element_type=\"widget\" data-e-type=\"widget\" data-widget_type=\"icon-list.default\">\n\t\t\t\t<div class=\"elementor-widget-container\">\n\t\t\t\t\t\t\t<ul class=\"elementor-icon-list-items\">\n\t\t\t\t\t\t\t<li class=\"elementor-icon-list-item\">\n\t\t\t\t\t\t\t\t\t\t\t<span class=\"elementor-icon-list-icon\">\n\t\t\t\t\t\t\t<i aria-hidden=\"true\" class=\"fas fa-phone-alt\"><\/i>\t\t\t\t\t\t<\/span>\n\t\t\t\t\t\t\t\t\t\t<span class=\"elementor-icon-list-text\">+36 70 379 0497<\/span>\n\t\t\t\t\t\t\t\t\t<\/li>\n\t\t\t\t\t\t\t\t<li class=\"elementor-icon-list-item\">\n\t\t\t\t\t\t\t\t\t\t\t<span class=\"elementor-icon-list-icon\">\n\t\t\t\t\t\t\t<i aria-hidden=\"true\" class=\"fas fa-map-marker-alt\"><\/i>\t\t\t\t\t\t<\/span>\n\t\t\t\t\t\t\t\t\t\t<span class=\"elementor-icon-list-text\">8200 Veszpr\u00e9m, M\u00e1rt\u00edrok \u00fatja 3\/A<\/span>\n\t\t\t\t\t\t\t\t\t<\/li>\n\t\t\t\t\t\t\t\t<li class=\"elementor-icon-list-item\">\n\t\t\t\t\t\t\t\t\t\t\t<span class=\"elementor-icon-list-icon\">\n\t\t\t\t\t\t\t<i aria-hidden=\"true\" class=\"far fa-paper-plane\"><\/i>\t\t\t\t\t\t<\/span>\n\t\t\t\t\t\t\t\t\t\t<span class=\"elementor-icon-list-text\">8200 Veszpr\u00e9m, M\u00e1rt\u00edrok \u00fatja 3\/A<\/span>\n\t\t\t\t\t\t\t\t\t<\/li>\n\t\t\t\t\t\t<\/ul>\n\t\t\t\t\t\t<\/div>\n\t\t\t\t<\/div>\n\t\t\t\t<\/div>\n\t\t\t\t\t<\/div>\n\t\t\t\t<\/div>\n\t\t\t\t\t<\/div>\n\t\t\t\t<\/div>\n\t\t\t\t<\/div>","protected":false},"excerpt":{"rendered":"<p>Szakter\u00fcletek Tartoz\u00e1srendez\u00e9s \u2013 sz\u00f6veg- \u00e9s besz\u00e9d\u00edr\u00f3i tapasztalat; \u2013 felek k\u00f6z\u00f6tti k\u00f6zvet\u00edt\u00e9s (medi\u00e1ci\u00f3); Kapcsolat Honeste vivere, alterum non laedere, suum cuique tribuere. Becs\u00fcletesen \u00e9lni, m\u00e1snak nem \u00e1rtani, mindenkinek megadni, ami j\u00e1r. csbalazs@invitel.hu +36 70 379 0497 8200 Veszpr\u00e9m, M\u00e1rt\u00edrok \u00fatja 3\/A 8200 Veszpr\u00e9m, M\u00e1rt\u00edrok \u00fatja 3\/A<\/p>","protected":false},"author":4,"featured_media":0,"parent":0,"menu_order":0,"comment_status":"closed","ping_status":"closed","template":"","meta":{"footnotes":""},"class_list":["post-1105","page","type-page","status-publish","hentry"],"yoast_head":"<!-- This site is optimized with the Yoast SEO plugin v26.9 - https:\/\/yoast.com\/product\/yoast-seo-wordpress\/ -->\n<title>Egy\u00e9b kompetenci\u00e1k - FlorartWebdesign<\/title>\n<meta name=\"robots\" content=\"index, follow, max-snippet:-1, max-image-preview:large, max-video-preview:-1\" \/>\n<link rel=\"canonical\" href=\"https:\/\/florart-webdesign.hu\/en\/egyeb-kompetenciak\/\" \/>\n<meta property=\"og:locale\" content=\"en_US\" \/>\n<meta property=\"og:type\" content=\"article\" \/>\n<meta property=\"og:title\" content=\"Egy\u00e9b kompetenci\u00e1k - FlorartWebdesign\" \/>\n<meta property=\"og:description\" content=\"Szakter\u00fcletek Tartoz\u00e1srendez\u00e9s \u2013 sz\u00f6veg- \u00e9s besz\u00e9d\u00edr\u00f3i tapasztalat; \u2013 felek k\u00f6z\u00f6tti k\u00f6zvet\u00edt\u00e9s (medi\u00e1ci\u00f3); Kapcsolat Honeste vivere, alterum non laedere, suum cuique tribuere. Becs\u00fcletesen \u00e9lni, m\u00e1snak nem \u00e1rtani, mindenkinek megadni, ami j\u00e1r. csbalazs@invitel.hu +36 70 379 0497 8200 Veszpr\u00e9m, M\u00e1rt\u00edrok \u00fatja 3\/A 8200 Veszpr\u00e9m, M\u00e1rt\u00edrok \u00fatja 3\/A\" \/>\n<meta property=\"og:url\" content=\"https:\/\/florart-webdesign.hu\/en\/egyeb-kompetenciak\/\" \/>\n<meta property=\"og:site_name\" content=\"FlorartWebdesign\" \/>\n<meta property=\"article:modified_time\" content=\"2024-03-04T19:07:13+00:00\" \/>\n<meta name=\"twitter:card\" content=\"summary_large_image\" \/>\n<meta name=\"twitter:label1\" content=\"Est. reading time\" \/>\n\t<meta name=\"twitter:data1\" content=\"1 minute\" \/>\n<script type=\"application\/ld+json\" class=\"yoast-schema-graph\">{\"@context\":\"https:\/\/schema.org\",\"@graph\":[{\"@type\":\"WebPage\",\"@id\":\"https:\/\/florart-webdesign.hu\/egyeb-kompetenciak\/\",\"url\":\"https:\/\/florart-webdesign.hu\/egyeb-kompetenciak\/\",\"name\":\"Egy\u00e9b kompetenci\u00e1k - FlorartWebdesign\",\"isPartOf\":{\"@id\":\"https:\/\/florart-webdesign.hu\/#website\"},\"datePublished\":\"2024-03-04T18:33:50+00:00\",\"dateModified\":\"2024-03-04T19:07:13+00:00\",\"breadcrumb\":{\"@id\":\"https:\/\/florart-webdesign.hu\/egyeb-kompetenciak\/#breadcrumb\"},\"inLanguage\":\"en-US\",\"potentialAction\":[{\"@type\":\"ReadAction\",\"target\":[\"https:\/\/florart-webdesign.hu\/egyeb-kompetenciak\/\"]}]},{\"@type\":\"BreadcrumbList\",\"@id\":\"https:\/\/florart-webdesign.hu\/egyeb-kompetenciak\/#breadcrumb\",\"itemListElement\":[{\"@type\":\"ListItem\",\"position\":1,\"name\":\"Kezd\u0151lap\",\"item\":\"https:\/\/florart-webdesign.hu\/\"},{\"@type\":\"ListItem\",\"position\":2,\"name\":\"Egy\u00e9b kompetenci\u00e1k\"}]},{\"@type\":\"WebSite\",\"@id\":\"https:\/\/florart-webdesign.hu\/#website\",\"url\":\"https:\/\/florart-webdesign.hu\/\",\"name\":\"FlorartWebdesign\",\"description\":\"\",\"publisher\":{\"@id\":\"https:\/\/florart-webdesign.hu\/#organization\"},\"potentialAction\":[{\"@type\":\"SearchAction\",\"target\":{\"@type\":\"EntryPoint\",\"urlTemplate\":\"https:\/\/florart-webdesign.hu\/?s={search_term_string}\"},\"query-input\":{\"@type\":\"PropertyValueSpecification\",\"valueRequired\":true,\"valueName\":\"search_term_string\"}}],\"inLanguage\":\"en-US\"},{\"@type\":\"Organization\",\"@id\":\"https:\/\/florart-webdesign.hu\/#organization\",\"name\":\"FlorartWebdesign\",\"url\":\"https:\/\/florart-webdesign.hu\/\",\"logo\":{\"@type\":\"ImageObject\",\"inLanguage\":\"en-US\",\"@id\":\"https:\/\/florart-webdesign.hu\/#\/schema\/logo\/image\/\",\"url\":\"https:\/\/florart-webdesign.hu\/wp-content\/uploads\/2024\/01\/javitott-1.png\",\"contentUrl\":\"https:\/\/florart-webdesign.hu\/wp-content\/uploads\/2024\/01\/javitott-1.png\",\"width\":300,\"height\":126,\"caption\":\"FlorartWebdesign\"},\"image\":{\"@id\":\"https:\/\/florart-webdesign.hu\/#\/schema\/logo\/image\/\"}}]}<\/script>\n<!-- \/ Yoast SEO plugin. -->","yoast_head_json":{"title":"Egy\u00e9b kompetenci\u00e1k - FlorartWebdesign","robots":{"index":"index","follow":"follow","max-snippet":"max-snippet:-1","max-image-preview":"max-image-preview:large","max-video-preview":"max-video-preview:-1"},"canonical":"https:\/\/florart-webdesign.hu\/en\/egyeb-kompetenciak\/","og_locale":"en_US","og_type":"article","og_title":"Egy\u00e9b kompetenci\u00e1k - FlorartWebdesign","og_description":"Szakter\u00fcletek Tartoz\u00e1srendez\u00e9s \u2013 sz\u00f6veg- \u00e9s besz\u00e9d\u00edr\u00f3i tapasztalat; \u2013 felek k\u00f6z\u00f6tti k\u00f6zvet\u00edt\u00e9s (medi\u00e1ci\u00f3); Kapcsolat Honeste vivere, alterum non laedere, suum cuique tribuere. Becs\u00fcletesen \u00e9lni, m\u00e1snak nem \u00e1rtani, mindenkinek megadni, ami j\u00e1r. csbalazs@invitel.hu +36 70 379 0497 8200 Veszpr\u00e9m, M\u00e1rt\u00edrok \u00fatja 3\/A 8200 Veszpr\u00e9m, M\u00e1rt\u00edrok \u00fatja 3\/A","og_url":"https:\/\/florart-webdesign.hu\/en\/egyeb-kompetenciak\/","og_site_name":"FlorartWebdesign","article_modified_time":"2024-03-04T19:07:13+00:00","twitter_card":"summary_large_image","twitter_misc":{"Est. reading time":"1 minute"},"schema":{"@context":"https:\/\/schema.org","@graph":[{"@type":"WebPage","@id":"https:\/\/florart-webdesign.hu\/egyeb-kompetenciak\/","url":"https:\/\/florart-webdesign.hu\/egyeb-kompetenciak\/","name":"Egy\u00e9b kompetenci\u00e1k - FlorartWebdesign","isPartOf":{"@id":"https:\/\/florart-webdesign.hu\/#website"},"datePublished":"2024-03-04T18:33:50+00:00","dateModified":"2024-03-04T19:07:13+00:00","breadcrumb":{"@id":"https:\/\/florart-webdesign.hu\/egyeb-kompetenciak\/#breadcrumb"},"inLanguage":"en-US","potentialAction":[{"@type":"ReadAction","target":["https:\/\/florart-webdesign.hu\/egyeb-kompetenciak\/"]}]},{"@type":"BreadcrumbList","@id":"https:\/\/florart-webdesign.hu\/egyeb-kompetenciak\/#breadcrumb","itemListElement":[{"@type":"ListItem","position":1,"name":"Kezd\u0151lap","item":"https:\/\/florart-webdesign.hu\/"},{"@type":"ListItem","position":2,"name":"Egy\u00e9b kompetenci\u00e1k"}]},{"@type":"WebSite","@id":"https:\/\/florart-webdesign.hu\/#website","url":"https:\/\/florart-webdesign.hu\/","name":"FlorartWebdesign","description":"","publisher":{"@id":"https:\/\/florart-webdesign.hu\/#organization"},"potentialAction":[{"@type":"SearchAction","target":{"@type":"EntryPoint","urlTemplate":"https:\/\/florart-webdesign.hu\/?s={search_term_string}"},"query-input":{"@type":"PropertyValueSpecification","valueRequired":true,"valueName":"search_term_string"}}],"inLanguage":"en-US"},{"@type":"Organization","@id":"https:\/\/florart-webdesign.hu\/#organization","name":"FlorartWebdesign","url":"https:\/\/florart-webdesign.hu\/","logo":{"@type":"ImageObject","inLanguage":"en-US","@id":"https:\/\/florart-webdesign.hu\/#\/schema\/logo\/image\/","url":"https:\/\/florart-webdesign.hu\/wp-content\/uploads\/2024\/01\/javitott-1.png","contentUrl":"https:\/\/florart-webdesign.hu\/wp-content\/uploads\/2024\/01\/javitott-1.png","width":300,"height":126,"caption":"FlorartWebdesign"},"image":{"@id":"https:\/\/florart-webdesign.hu\/#\/schema\/logo\/image\/"}}]}},"jetpack_sharing_enabled":true,"_links":{"self":[{"href":"https:\/\/florart-webdesign.hu\/en\/wp-json\/wp\/v2\/pages\/1105","targetHints":{"allow":["GET"]}}],"collection":[{"href":"https:\/\/florart-webdesign.hu\/en\/wp-json\/wp\/v2\/pages"}],"about":[{"href":"https:\/\/florart-webdesign.hu\/en\/wp-json\/wp\/v2\/types\/page"}],"author":[{"embeddable":true,"href":"https:\/\/florart-webdesign.hu\/en\/wp-json\/wp\/v2\/users\/4"}],"replies":[{"embeddable":true,"href":"https:\/\/florart-webdesign.hu\/en\/wp-json\/wp\/v2\/comments?post=1105"}],"version-history":[{"count":10,"href":"https:\/\/florart-webdesign.hu\/en\/wp-json\/wp\/v2\/pages\/1105\/revisions"}],"predecessor-version":[{"id":1159,"href":"https:\/\/florart-webdesign.hu\/en\/wp-json\/wp\/v2\/pages\/1105\/revisions\/1159"}],"wp:attachment":[{"href":"https:\/\/florart-webdesign.hu\/en\/wp-json\/wp\/v2\/media?parent=1105"}],"curies":[{"name":"wp","href":"https:\/\/api.w.org\/{rel}","templated":true}]}}