{"id":1101,"date":"2024-03-04T19:33:00","date_gmt":"2024-03-04T18:33:00","guid":{"rendered":"https:\/\/florart-webdesign.hu\/?page_id=1101"},"modified":"2024-03-04T20:03:49","modified_gmt":"2024-03-04T19:03:49","slug":"polgari-jog-es-polgari-peres-kepviselet","status":"publish","type":"page","link":"https:\/\/florart-webdesign.hu\/en\/polgari-jog-es-polgari-peres-kepviselet\/","title":{"rendered":"Polg\u00e1ri jog \u00e9s polg\u00e1ri peres k\u00e9pviselet"},"content":{"rendered":"<div data-elementor-type=\"wp-page\" data-elementor-id=\"1101\" class=\"elementor elementor-1101\" data-elementor-post-type=\"page\">\n\t\t\t\t<div class=\"elementor-element elementor-element-ed91ed2 e-flex e-con-boxed e-con e-parent\" data-id=\"ed91ed2\" data-element_type=\"container\" data-e-type=\"container\" data-settings=\"{&quot;background_background&quot;:&quot;classic&quot;}\">\n\t\t\t\t\t<div class=\"e-con-inner\">\n\t\t<div class=\"elementor-element elementor-element-0c68c5f e-con-full e-flex e-con e-child\" data-id=\"0c68c5f\" data-element_type=\"container\" data-e-type=\"container\">\n\t\t\t\t<div class=\"elementor-element elementor-element-02baf7c elementor-widget elementor-widget-heading\" data-id=\"02baf7c\" data-element_type=\"widget\" data-e-type=\"widget\" data-widget_type=\"heading.default\">\n\t\t\t\t<div class=\"elementor-widget-container\">\n\t\t\t\t\t<span class=\"elementor-heading-title elementor-size-default\"><a href=\"https:\/\/florart-webdesign.hu\/en\/proj_jog\/#szakteruletek\">Szakter\u00fcletek<\/a><\/span>\t\t\t\t<\/div>\n\t\t\t\t<\/div>\n\t\t\t\t<div class=\"elementor-element elementor-element-531a06b elementor-widget elementor-widget-heading\" data-id=\"531a06b\" data-element_type=\"widget\" data-e-type=\"widget\" data-widget_type=\"heading.default\">\n\t\t\t\t<div class=\"elementor-widget-container\">\n\t\t\t\t\t<h1 class=\"elementor-heading-title elementor-size-default\">Polg\u00e1ri jog \u00e9s polg\u00e1ri peres k\u00e9pviselet<\/h1>\t\t\t\t<\/div>\n\t\t\t\t<\/div>\n\t\t\t\t<div class=\"elementor-element elementor-element-d621eb0 elementor-icon-list--layout-traditional elementor-list-item-link-full_width elementor-widget elementor-widget-icon-list\" data-id=\"d621eb0\" data-element_type=\"widget\" data-e-type=\"widget\" data-widget_type=\"icon-list.default\">\n\t\t\t\t<div class=\"elementor-widget-container\">\n\t\t\t\t\t\t\t<ul class=\"elementor-icon-list-items\">\n\t\t\t\t\t\t\t<li class=\"elementor-icon-list-item\">\n\t\t\t\t\t\t\t\t\t\t<span class=\"elementor-icon-list-text\">\u2013 polg\u00e1ri jogvit\u00e1k peren k\u00edv\u00fcli \u00e9s peres k\u00e9pviselete;<\/span>\n\t\t\t\t\t\t\t\t\t<\/li>\n\t\t\t\t\t\t\t\t<li class=\"elementor-icon-list-item\">\n\t\t\t\t\t\t\t\t\t\t<span class=\"elementor-icon-list-text\">\u2013 k\u00e1rt\u00e9r\u00edt\u00e9si \u00fcgyek peren k\u00edv\u00fcli \u00e9s peres k\u00e9pviselete;<\/span>\n\t\t\t\t\t\t\t\t\t<\/li>\n\t\t\t\t\t\t\t\t<li class=\"elementor-icon-list-item\">\n\t\t\t\t\t\t\t\t\t\t<span class=\"elementor-icon-list-text\">\u2013 szerz\u0151d\u00e9sek szerkeszt\u00e9se, v\u00e9lem\u00e9nyez\u00e9se: <\/span>\n\t\t\t\t\t\t\t\t\t<\/li>\n\t\t\t\t\t\t\t\t<li class=\"elementor-icon-list-item\">\n\t\t\t\t\t\t\t\t\t\t\t<span class=\"elementor-icon-list-icon\">\n\t\t\t\t\t\t\t<i aria-hidden=\"true\" class=\"far fa-circle\"><\/i>\t\t\t\t\t\t<\/span>\n\t\t\t\t\t\t\t\t\t\t<span class=\"elementor-icon-list-text\">ad\u00e1sv\u00e9tel, csere, b\u00e9rlet, alb\u00e9rlet, aj\u00e1nd\u00e9koz\u00e1s; KEZESS\u00c9G <\/span>\n\t\t\t\t\t\t\t\t\t<\/li>\n\t\t\t\t\t\t\t\t<li class=\"elementor-icon-list-item\">\n\t\t\t\t\t\t\t\t\t\t\t<span class=\"elementor-icon-list-icon\">\n\t\t\t\t\t\t\t<i aria-hidden=\"true\" class=\"far fa-circle\"><\/i>\t\t\t\t\t\t<\/span>\n\t\t\t\t\t\t\t\t\t\t<span class=\"elementor-icon-list-text\">kereskedelmi szerz\u0151d\u00e9sek; <\/span>\n\t\t\t\t\t\t\t\t\t<\/li>\n\t\t\t\t\t\t\t\t<li class=\"elementor-icon-list-item\">\n\t\t\t\t\t\t\t\t\t\t\t<span class=\"elementor-icon-list-icon\">\n\t\t\t\t\t\t\t<i aria-hidden=\"true\" class=\"far fa-circle\"><\/i>\t\t\t\t\t\t<\/span>\n\t\t\t\t\t\t\t\t\t\t<span class=\"elementor-icon-list-text\">v\u00e1llalkoz\u00e1si, megb\u00edz\u00e1si szerz\u0151d\u00e9sek; <\/span>\n\t\t\t\t\t\t\t\t\t<\/li>\n\t\t\t\t\t\t\t\t<li class=\"elementor-icon-list-item\">\n\t\t\t\t\t\t\t\t\t\t\t<span class=\"elementor-icon-list-icon\">\n\t\t\t\t\t\t\t<i aria-hidden=\"true\" class=\"far fa-circle\"><\/i>\t\t\t\t\t\t<\/span>\n\t\t\t\t\t\t\t\t\t\t<span class=\"elementor-icon-list-text\">egy\u00e9b polg\u00e1ri jogi k\u00f6telmek;   <\/span>\n\t\t\t\t\t\t\t\t\t<\/li>\n\t\t\t\t\t\t\t\t<li class=\"elementor-icon-list-item\">\n\t\t\t\t\t\t\t\t\t\t\t<span class=\"elementor-icon-list-icon\">\n\t\t\t\t\t\t\t<i aria-hidden=\"true\" class=\"far fa-circle\"><\/i>\t\t\t\t\t\t<\/span>\n\t\t\t\t\t\t\t\t\t\t<span class=\"elementor-icon-list-text\">S\u00c9RELEMD\u00cdJ <\/span>\n\t\t\t\t\t\t\t\t\t<\/li>\n\t\t\t\t\t\t<\/ul>\n\t\t\t\t\t\t<\/div>\n\t\t\t\t<\/div>\n\t\t\t\t<\/div>\n\t\t\t\t\t<\/div>\n\t\t\t\t<\/div>\n\t\t<div class=\"elementor-element elementor-element-cb620f2 e-flex e-con-boxed e-con e-parent\" data-id=\"cb620f2\" data-element_type=\"container\" data-e-type=\"container\" data-settings=\"{&quot;background_background&quot;:&quot;classic&quot;}\">\n\t\t\t\t\t<div class=\"e-con-inner\">\n\t\t<div class=\"elementor-element elementor-element-7b3d8e7 e-flex e-con-boxed e-con e-child\" data-id=\"7b3d8e7\" data-element_type=\"container\" data-e-type=\"container\" data-settings=\"{&quot;background_background&quot;:&quot;classic&quot;}\">\n\t\t\t\t\t<div class=\"e-con-inner\">\n\t\t<div class=\"elementor-element elementor-element-651ed9a e-con-full e-flex e-con e-child\" data-id=\"651ed9a\" data-element_type=\"container\" data-e-type=\"container\">\n\t\t\t\t<div class=\"elementor-element elementor-element-b63f035 elementor-widget elementor-widget-heading\" data-id=\"b63f035\" data-element_type=\"widget\" data-e-type=\"widget\" data-widget_type=\"heading.default\">\n\t\t\t\t<div class=\"elementor-widget-container\">\n\t\t\t\t\t<h2 class=\"elementor-heading-title elementor-size-default\">Contact<\/h2>\t\t\t\t<\/div>\n\t\t\t\t<\/div>\n\t\t\t\t<\/div>\n\t\t<div class=\"elementor-element elementor-element-1a1a599 e-con-full e-flex e-con e-child\" data-id=\"1a1a599\" data-element_type=\"container\" data-e-type=\"container\">\n\t\t\t\t<div class=\"elementor-element elementor-element-3f83c32 elementor-widget elementor-widget-text-editor\" data-id=\"3f83c32\" data-element_type=\"widget\" data-e-type=\"widget\" data-widget_type=\"text-editor.default\">\n\t\t\t\t<div class=\"elementor-widget-container\">\n\t\t\t\t\t\t\t\t\t<p><span style=\"font-weight: 400;\">Honeste vivere, alterum non laedere, suum cuique tribuere.<\/span><\/p><p><span style=\"font-weight: 400;\">Becs\u00fcletesen \u00e9lni, m\u00e1snak nem \u00e1rtani, mindenkinek megadni, ami j\u00e1r.<\/span><\/p>\t\t\t\t\t\t\t\t<\/div>\n\t\t\t\t<\/div>\n\t\t\t\t<\/div>\n\t\t<div class=\"elementor-element elementor-element-7d7e88b e-con-full e-flex e-con e-child\" data-id=\"7d7e88b\" data-element_type=\"container\" data-e-type=\"container\">\n\t\t\t\t<div class=\"elementor-element elementor-element-c414890 elementor-icon-list--layout-traditional elementor-list-item-link-full_width elementor-widget elementor-widget-icon-list\" data-id=\"c414890\" data-element_type=\"widget\" data-e-type=\"widget\" data-widget_type=\"icon-list.default\">\n\t\t\t\t<div class=\"elementor-widget-container\">\n\t\t\t\t\t\t\t<ul class=\"elementor-icon-list-items\">\n\t\t\t\t\t\t\t<li class=\"elementor-icon-list-item\">\n\t\t\t\t\t\t\t\t\t\t\t<span class=\"elementor-icon-list-icon\">\n\t\t\t\t\t\t\t<i aria-hidden=\"true\" class=\"far fa-envelope\"><\/i>\t\t\t\t\t\t<\/span>\n\t\t\t\t\t\t\t\t\t\t<span class=\"elementor-icon-list-text\">csbalazs@invitel.hu<\/span>\n\t\t\t\t\t\t\t\t\t<\/li>\n\t\t\t\t\t\t<\/ul>\n\t\t\t\t\t\t<\/div>\n\t\t\t\t<\/div>\n\t\t\t\t<div class=\"elementor-element elementor-element-2dd6612 elementor-icon-list--layout-traditional elementor-list-item-link-full_width elementor-widget elementor-widget-icon-list\" data-id=\"2dd6612\" data-element_type=\"widget\" data-e-type=\"widget\" data-widget_type=\"icon-list.default\">\n\t\t\t\t<div class=\"elementor-widget-container\">\n\t\t\t\t\t\t\t<ul class=\"elementor-icon-list-items\">\n\t\t\t\t\t\t\t<li class=\"elementor-icon-list-item\">\n\t\t\t\t\t\t\t\t\t\t\t<span class=\"elementor-icon-list-icon\">\n\t\t\t\t\t\t\t<i aria-hidden=\"true\" class=\"fas fa-phone-alt\"><\/i>\t\t\t\t\t\t<\/span>\n\t\t\t\t\t\t\t\t\t\t<span class=\"elementor-icon-list-text\">+36 70 379 0497<\/span>\n\t\t\t\t\t\t\t\t\t<\/li>\n\t\t\t\t\t\t\t\t<li class=\"elementor-icon-list-item\">\n\t\t\t\t\t\t\t\t\t\t\t<span class=\"elementor-icon-list-icon\">\n\t\t\t\t\t\t\t<i aria-hidden=\"true\" class=\"fas fa-map-marker-alt\"><\/i>\t\t\t\t\t\t<\/span>\n\t\t\t\t\t\t\t\t\t\t<span class=\"elementor-icon-list-text\">8200 Veszpr\u00e9m, M\u00e1rt\u00edrok \u00fatja 3\/A<\/span>\n\t\t\t\t\t\t\t\t\t<\/li>\n\t\t\t\t\t\t\t\t<li class=\"elementor-icon-list-item\">\n\t\t\t\t\t\t\t\t\t\t\t<span class=\"elementor-icon-list-icon\">\n\t\t\t\t\t\t\t<i aria-hidden=\"true\" class=\"far fa-paper-plane\"><\/i>\t\t\t\t\t\t<\/span>\n\t\t\t\t\t\t\t\t\t\t<span class=\"elementor-icon-list-text\">8200 Veszpr\u00e9m, M\u00e1rt\u00edrok \u00fatja 3\/A<\/span>\n\t\t\t\t\t\t\t\t\t<\/li>\n\t\t\t\t\t\t<\/ul>\n\t\t\t\t\t\t<\/div>\n\t\t\t\t<\/div>\n\t\t\t\t<\/div>\n\t\t\t\t\t<\/div>\n\t\t\t\t<\/div>\n\t\t\t\t\t<\/div>\n\t\t\t\t<\/div>\n\t\t\t\t<\/div>","protected":false},"excerpt":{"rendered":"<p>Szakter\u00fcletek Polg\u00e1ri jog \u00e9s polg\u00e1ri peres k\u00e9pviselet \u2013 polg\u00e1ri jogvit\u00e1k peren k\u00edv\u00fcli \u00e9s peres k\u00e9pviselete; \u2013 k\u00e1rt\u00e9r\u00edt\u00e9si \u00fcgyek peren k\u00edv\u00fcli \u00e9s peres k\u00e9pviselete; \u2013 szerz\u0151d\u00e9sek szerkeszt\u00e9se, v\u00e9lem\u00e9nyez\u00e9se: ad\u00e1sv\u00e9tel, csere, b\u00e9rlet, alb\u00e9rlet, aj\u00e1nd\u00e9koz\u00e1s; KEZESS\u00c9G kereskedelmi szerz\u0151d\u00e9sek; v\u00e1llalkoz\u00e1si, megb\u00edz\u00e1si szerz\u0151d\u00e9sek; egy\u00e9b polg\u00e1ri jogi k\u00f6telmek; S\u00c9RELEMD\u00cdJ Kapcsolat Honeste vivere, alterum non laedere, suum cuique tribuere. Becs\u00fcletesen \u00e9lni, m\u00e1snak [&hellip;]<\/p>","protected":false},"author":4,"featured_media":0,"parent":0,"menu_order":0,"comment_status":"closed","ping_status":"closed","template":"","meta":{"footnotes":""},"class_list":["post-1101","page","type-page","status-publish","hentry"],"yoast_head":"<!-- This site is optimized with the Yoast SEO plugin v26.9 - https:\/\/yoast.com\/product\/yoast-seo-wordpress\/ -->\n<title>Polg\u00e1ri jog \u00e9s polg\u00e1ri peres k\u00e9pviselet - FlorartWebdesign<\/title>\n<meta name=\"robots\" content=\"index, follow, max-snippet:-1, max-image-preview:large, max-video-preview:-1\" \/>\n<link rel=\"canonical\" href=\"https:\/\/florart-webdesign.hu\/en\/polgari-jog-es-polgari-peres-kepviselet\/\" \/>\n<meta property=\"og:locale\" content=\"en_US\" \/>\n<meta property=\"og:type\" content=\"article\" \/>\n<meta property=\"og:title\" content=\"Polg\u00e1ri jog \u00e9s polg\u00e1ri peres k\u00e9pviselet - FlorartWebdesign\" \/>\n<meta property=\"og:description\" content=\"Szakter\u00fcletek Polg\u00e1ri jog \u00e9s polg\u00e1ri peres k\u00e9pviselet \u2013 polg\u00e1ri jogvit\u00e1k peren k\u00edv\u00fcli \u00e9s peres k\u00e9pviselete; \u2013 k\u00e1rt\u00e9r\u00edt\u00e9si \u00fcgyek peren k\u00edv\u00fcli \u00e9s peres k\u00e9pviselete; \u2013 szerz\u0151d\u00e9sek szerkeszt\u00e9se, v\u00e9lem\u00e9nyez\u00e9se: ad\u00e1sv\u00e9tel, csere, b\u00e9rlet, alb\u00e9rlet, aj\u00e1nd\u00e9koz\u00e1s; KEZESS\u00c9G kereskedelmi szerz\u0151d\u00e9sek; v\u00e1llalkoz\u00e1si, megb\u00edz\u00e1si szerz\u0151d\u00e9sek; egy\u00e9b polg\u00e1ri jogi k\u00f6telmek; S\u00c9RELEMD\u00cdJ Kapcsolat Honeste vivere, alterum non laedere, suum cuique tribuere. Becs\u00fcletesen \u00e9lni, m\u00e1snak [&hellip;]\" \/>\n<meta property=\"og:url\" content=\"https:\/\/florart-webdesign.hu\/en\/polgari-jog-es-polgari-peres-kepviselet\/\" \/>\n<meta property=\"og:site_name\" content=\"FlorartWebdesign\" \/>\n<meta property=\"article:modified_time\" content=\"2024-03-04T19:03:49+00:00\" \/>\n<meta name=\"twitter:card\" content=\"summary_large_image\" \/>\n<meta name=\"twitter:label1\" content=\"Est. reading time\" \/>\n\t<meta name=\"twitter:data1\" content=\"1 minute\" \/>\n<script type=\"application\/ld+json\" class=\"yoast-schema-graph\">{\"@context\":\"https:\/\/schema.org\",\"@graph\":[{\"@type\":\"WebPage\",\"@id\":\"https:\/\/florart-webdesign.hu\/polgari-jog-es-polgari-peres-kepviselet\/\",\"url\":\"https:\/\/florart-webdesign.hu\/polgari-jog-es-polgari-peres-kepviselet\/\",\"name\":\"Polg\u00e1ri jog \u00e9s polg\u00e1ri peres k\u00e9pviselet - FlorartWebdesign\",\"isPartOf\":{\"@id\":\"https:\/\/florart-webdesign.hu\/#website\"},\"datePublished\":\"2024-03-04T18:33:00+00:00\",\"dateModified\":\"2024-03-04T19:03:49+00:00\",\"breadcrumb\":{\"@id\":\"https:\/\/florart-webdesign.hu\/polgari-jog-es-polgari-peres-kepviselet\/#breadcrumb\"},\"inLanguage\":\"en-US\",\"potentialAction\":[{\"@type\":\"ReadAction\",\"target\":[\"https:\/\/florart-webdesign.hu\/polgari-jog-es-polgari-peres-kepviselet\/\"]}]},{\"@type\":\"BreadcrumbList\",\"@id\":\"https:\/\/florart-webdesign.hu\/polgari-jog-es-polgari-peres-kepviselet\/#breadcrumb\",\"itemListElement\":[{\"@type\":\"ListItem\",\"position\":1,\"name\":\"Kezd\u0151lap\",\"item\":\"https:\/\/florart-webdesign.hu\/\"},{\"@type\":\"ListItem\",\"position\":2,\"name\":\"Polg\u00e1ri jog \u00e9s polg\u00e1ri peres k\u00e9pviselet\"}]},{\"@type\":\"WebSite\",\"@id\":\"https:\/\/florart-webdesign.hu\/#website\",\"url\":\"https:\/\/florart-webdesign.hu\/\",\"name\":\"FlorartWebdesign\",\"description\":\"\",\"publisher\":{\"@id\":\"https:\/\/florart-webdesign.hu\/#organization\"},\"potentialAction\":[{\"@type\":\"SearchAction\",\"target\":{\"@type\":\"EntryPoint\",\"urlTemplate\":\"https:\/\/florart-webdesign.hu\/?s={search_term_string}\"},\"query-input\":{\"@type\":\"PropertyValueSpecification\",\"valueRequired\":true,\"valueName\":\"search_term_string\"}}],\"inLanguage\":\"en-US\"},{\"@type\":\"Organization\",\"@id\":\"https:\/\/florart-webdesign.hu\/#organization\",\"name\":\"FlorartWebdesign\",\"url\":\"https:\/\/florart-webdesign.hu\/\",\"logo\":{\"@type\":\"ImageObject\",\"inLanguage\":\"en-US\",\"@id\":\"https:\/\/florart-webdesign.hu\/#\/schema\/logo\/image\/\",\"url\":\"https:\/\/florart-webdesign.hu\/wp-content\/uploads\/2024\/01\/javitott-1.png\",\"contentUrl\":\"https:\/\/florart-webdesign.hu\/wp-content\/uploads\/2024\/01\/javitott-1.png\",\"width\":300,\"height\":126,\"caption\":\"FlorartWebdesign\"},\"image\":{\"@id\":\"https:\/\/florart-webdesign.hu\/#\/schema\/logo\/image\/\"}}]}<\/script>\n<!-- \/ Yoast SEO plugin. -->","yoast_head_json":{"title":"Polg\u00e1ri jog \u00e9s polg\u00e1ri peres k\u00e9pviselet - FlorartWebdesign","robots":{"index":"index","follow":"follow","max-snippet":"max-snippet:-1","max-image-preview":"max-image-preview:large","max-video-preview":"max-video-preview:-1"},"canonical":"https:\/\/florart-webdesign.hu\/en\/polgari-jog-es-polgari-peres-kepviselet\/","og_locale":"en_US","og_type":"article","og_title":"Polg\u00e1ri jog \u00e9s polg\u00e1ri peres k\u00e9pviselet - FlorartWebdesign","og_description":"Szakter\u00fcletek Polg\u00e1ri jog \u00e9s polg\u00e1ri peres k\u00e9pviselet \u2013 polg\u00e1ri jogvit\u00e1k peren k\u00edv\u00fcli \u00e9s peres k\u00e9pviselete; \u2013 k\u00e1rt\u00e9r\u00edt\u00e9si \u00fcgyek peren k\u00edv\u00fcli \u00e9s peres k\u00e9pviselete; \u2013 szerz\u0151d\u00e9sek szerkeszt\u00e9se, v\u00e9lem\u00e9nyez\u00e9se: ad\u00e1sv\u00e9tel, csere, b\u00e9rlet, alb\u00e9rlet, aj\u00e1nd\u00e9koz\u00e1s; KEZESS\u00c9G kereskedelmi szerz\u0151d\u00e9sek; v\u00e1llalkoz\u00e1si, megb\u00edz\u00e1si szerz\u0151d\u00e9sek; egy\u00e9b polg\u00e1ri jogi k\u00f6telmek; S\u00c9RELEMD\u00cdJ Kapcsolat Honeste vivere, alterum non laedere, suum cuique tribuere. Becs\u00fcletesen \u00e9lni, m\u00e1snak [&hellip;]","og_url":"https:\/\/florart-webdesign.hu\/en\/polgari-jog-es-polgari-peres-kepviselet\/","og_site_name":"FlorartWebdesign","article_modified_time":"2024-03-04T19:03:49+00:00","twitter_card":"summary_large_image","twitter_misc":{"Est. reading time":"1 minute"},"schema":{"@context":"https:\/\/schema.org","@graph":[{"@type":"WebPage","@id":"https:\/\/florart-webdesign.hu\/polgari-jog-es-polgari-peres-kepviselet\/","url":"https:\/\/florart-webdesign.hu\/polgari-jog-es-polgari-peres-kepviselet\/","name":"Polg\u00e1ri jog \u00e9s polg\u00e1ri peres k\u00e9pviselet - FlorartWebdesign","isPartOf":{"@id":"https:\/\/florart-webdesign.hu\/#website"},"datePublished":"2024-03-04T18:33:00+00:00","dateModified":"2024-03-04T19:03:49+00:00","breadcrumb":{"@id":"https:\/\/florart-webdesign.hu\/polgari-jog-es-polgari-peres-kepviselet\/#breadcrumb"},"inLanguage":"en-US","potentialAction":[{"@type":"ReadAction","target":["https:\/\/florart-webdesign.hu\/polgari-jog-es-polgari-peres-kepviselet\/"]}]},{"@type":"BreadcrumbList","@id":"https:\/\/florart-webdesign.hu\/polgari-jog-es-polgari-peres-kepviselet\/#breadcrumb","itemListElement":[{"@type":"ListItem","position":1,"name":"Kezd\u0151lap","item":"https:\/\/florart-webdesign.hu\/"},{"@type":"ListItem","position":2,"name":"Polg\u00e1ri jog \u00e9s polg\u00e1ri peres k\u00e9pviselet"}]},{"@type":"WebSite","@id":"https:\/\/florart-webdesign.hu\/#website","url":"https:\/\/florart-webdesign.hu\/","name":"FlorartWebdesign","description":"","publisher":{"@id":"https:\/\/florart-webdesign.hu\/#organization"},"potentialAction":[{"@type":"SearchAction","target":{"@type":"EntryPoint","urlTemplate":"https:\/\/florart-webdesign.hu\/?s={search_term_string}"},"query-input":{"@type":"PropertyValueSpecification","valueRequired":true,"valueName":"search_term_string"}}],"inLanguage":"en-US"},{"@type":"Organization","@id":"https:\/\/florart-webdesign.hu\/#organization","name":"FlorartWebdesign","url":"https:\/\/florart-webdesign.hu\/","logo":{"@type":"ImageObject","inLanguage":"en-US","@id":"https:\/\/florart-webdesign.hu\/#\/schema\/logo\/image\/","url":"https:\/\/florart-webdesign.hu\/wp-content\/uploads\/2024\/01\/javitott-1.png","contentUrl":"https:\/\/florart-webdesign.hu\/wp-content\/uploads\/2024\/01\/javitott-1.png","width":300,"height":126,"caption":"FlorartWebdesign"},"image":{"@id":"https:\/\/florart-webdesign.hu\/#\/schema\/logo\/image\/"}}]}},"jetpack_sharing_enabled":true,"_links":{"self":[{"href":"https:\/\/florart-webdesign.hu\/en\/wp-json\/wp\/v2\/pages\/1101","targetHints":{"allow":["GET"]}}],"collection":[{"href":"https:\/\/florart-webdesign.hu\/en\/wp-json\/wp\/v2\/pages"}],"about":[{"href":"https:\/\/florart-webdesign.hu\/en\/wp-json\/wp\/v2\/types\/page"}],"author":[{"embeddable":true,"href":"https:\/\/florart-webdesign.hu\/en\/wp-json\/wp\/v2\/users\/4"}],"replies":[{"embeddable":true,"href":"https:\/\/florart-webdesign.hu\/en\/wp-json\/wp\/v2\/comments?post=1101"}],"version-history":[{"count":10,"href":"https:\/\/florart-webdesign.hu\/en\/wp-json\/wp\/v2\/pages\/1101\/revisions"}],"predecessor-version":[{"id":1150,"href":"https:\/\/florart-webdesign.hu\/en\/wp-json\/wp\/v2\/pages\/1101\/revisions\/1150"}],"wp:attachment":[{"href":"https:\/\/florart-webdesign.hu\/en\/wp-json\/wp\/v2\/media?parent=1101"}],"curies":[{"name":"wp","href":"https:\/\/api.w.org\/{rel}","templated":true}]}}