{"id":1078,"date":"2024-03-04T18:33:48","date_gmt":"2024-03-04T17:33:48","guid":{"rendered":"https:\/\/florart-webdesign.hu\/?page_id=1078"},"modified":"2024-03-04T19:10:03","modified_gmt":"2024-03-04T18:10:03","slug":"oroklesi-jog","status":"publish","type":"page","link":"https:\/\/florart-webdesign.hu\/en\/oroklesi-jog\/","title":{"rendered":"\u00d6r\u00f6kl\u00e9si jog"},"content":{"rendered":"<div data-elementor-type=\"wp-page\" data-elementor-id=\"1078\" class=\"elementor elementor-1078\" data-elementor-post-type=\"page\">\n\t\t\t\t<div class=\"elementor-element elementor-element-63645ad e-flex e-con-boxed e-con e-parent\" data-id=\"63645ad\" data-element_type=\"container\" data-e-type=\"container\" data-settings=\"{&quot;background_background&quot;:&quot;classic&quot;}\">\n\t\t\t\t\t<div class=\"e-con-inner\">\n\t\t<div class=\"elementor-element elementor-element-c2adde4 e-con-full e-flex e-con e-child\" data-id=\"c2adde4\" data-element_type=\"container\" data-e-type=\"container\">\n\t\t\t\t<div class=\"elementor-element elementor-element-b97a2a3 elementor-widget elementor-widget-heading\" data-id=\"b97a2a3\" data-element_type=\"widget\" data-e-type=\"widget\" data-widget_type=\"heading.default\">\n\t\t\t\t<div class=\"elementor-widget-container\">\n\t\t\t\t\t<span class=\"elementor-heading-title elementor-size-default\"><a href=\"https:\/\/florart-webdesign.hu\/en\/proj_jog\/#szakteruletek\">Szakter\u00fcletek<\/a><\/span>\t\t\t\t<\/div>\n\t\t\t\t<\/div>\n\t\t\t\t<div class=\"elementor-element elementor-element-3ea4468 elementor-widget elementor-widget-heading\" data-id=\"3ea4468\" data-element_type=\"widget\" data-e-type=\"widget\" data-widget_type=\"heading.default\">\n\t\t\t\t<div class=\"elementor-widget-container\">\n\t\t\t\t\t<h1 class=\"elementor-heading-title elementor-size-default\">\u00d6r\u00f6kl\u00e9si jog<\/h1>\t\t\t\t<\/div>\n\t\t\t\t<\/div>\n\t\t\t\t<div class=\"elementor-element elementor-element-872f000 elementor-icon-list--layout-traditional elementor-list-item-link-full_width elementor-widget elementor-widget-icon-list\" data-id=\"872f000\" data-element_type=\"widget\" data-e-type=\"widget\" data-widget_type=\"icon-list.default\">\n\t\t\t\t<div class=\"elementor-widget-container\">\n\t\t\t\t\t\t\t<ul class=\"elementor-icon-list-items\">\n\t\t\t\t\t\t\t<li class=\"elementor-icon-list-item\">\n\t\t\t\t\t\t\t\t\t\t<span class=\"elementor-icon-list-text\">\u2013 v\u00e9grendeletek k\u00e9sz\u00edt\u00e9se, v\u00e9lem\u00e9nyez\u00e9se; <\/span>\n\t\t\t\t\t\t\t\t\t<\/li>\n\t\t\t\t\t\t\t\t<li class=\"elementor-icon-list-item\">\n\t\t\t\t\t\t\t\t\t\t<span class=\"elementor-icon-list-text\">- \u00d6R\u00d6KL\u00c9SI SZERZ\u0150D\u00c9S<\/span>\n\t\t\t\t\t\t\t\t\t<\/li>\n\t\t\t\t\t\t\t\t<li class=\"elementor-icon-list-item\">\n\t\t\t\t\t\t\t\t\t\t<span class=\"elementor-icon-list-text\">\u2013 k\u00e9pviselet hagyat\u00e9ki elj\u00e1r\u00e1sban<\/span>\n\t\t\t\t\t\t\t\t\t<\/li>\n\t\t\t\t\t\t<\/ul>\n\t\t\t\t\t\t<\/div>\n\t\t\t\t<\/div>\n\t\t\t\t<\/div>\n\t\t\t\t\t<\/div>\n\t\t\t\t<\/div>\n\t\t<div class=\"elementor-element elementor-element-a184d2e e-flex e-con-boxed e-con e-parent\" data-id=\"a184d2e\" data-element_type=\"container\" data-e-type=\"container\" data-settings=\"{&quot;background_background&quot;:&quot;classic&quot;}\">\n\t\t\t\t\t<div class=\"e-con-inner\">\n\t\t<div class=\"elementor-element elementor-element-33ebaf8 e-flex e-con-boxed e-con e-child\" data-id=\"33ebaf8\" data-element_type=\"container\" data-e-type=\"container\" data-settings=\"{&quot;background_background&quot;:&quot;classic&quot;}\">\n\t\t\t\t\t<div class=\"e-con-inner\">\n\t\t<div class=\"elementor-element elementor-element-6a7f29f e-con-full e-flex e-con e-child\" data-id=\"6a7f29f\" data-element_type=\"container\" data-e-type=\"container\">\n\t\t\t\t<div class=\"elementor-element elementor-element-eb28ff6 elementor-widget elementor-widget-heading\" data-id=\"eb28ff6\" data-element_type=\"widget\" data-e-type=\"widget\" data-widget_type=\"heading.default\">\n\t\t\t\t<div class=\"elementor-widget-container\">\n\t\t\t\t\t<h2 class=\"elementor-heading-title elementor-size-default\">Contact<\/h2>\t\t\t\t<\/div>\n\t\t\t\t<\/div>\n\t\t\t\t<\/div>\n\t\t<div class=\"elementor-element elementor-element-cd9b009 e-con-full e-flex e-con e-child\" data-id=\"cd9b009\" data-element_type=\"container\" data-e-type=\"container\">\n\t\t\t\t<div class=\"elementor-element elementor-element-0635aa4 elementor-widget elementor-widget-text-editor\" data-id=\"0635aa4\" data-element_type=\"widget\" data-e-type=\"widget\" data-widget_type=\"text-editor.default\">\n\t\t\t\t<div class=\"elementor-widget-container\">\n\t\t\t\t\t\t\t\t\t<p><span style=\"font-weight: 400;\">Honeste vivere, alterum non laedere, suum cuique tribuere.<\/span><\/p><p><span style=\"font-weight: 400;\">Becs\u00fcletesen \u00e9lni, m\u00e1snak nem \u00e1rtani, mindenkinek megadni, ami j\u00e1r.<\/span><\/p>\t\t\t\t\t\t\t\t<\/div>\n\t\t\t\t<\/div>\n\t\t\t\t<\/div>\n\t\t<div class=\"elementor-element elementor-element-0236a99 e-con-full e-flex e-con e-child\" data-id=\"0236a99\" data-element_type=\"container\" data-e-type=\"container\">\n\t\t\t\t<div class=\"elementor-element elementor-element-3791c06 elementor-icon-list--layout-traditional elementor-list-item-link-full_width elementor-widget elementor-widget-icon-list\" data-id=\"3791c06\" data-element_type=\"widget\" data-e-type=\"widget\" data-widget_type=\"icon-list.default\">\n\t\t\t\t<div class=\"elementor-widget-container\">\n\t\t\t\t\t\t\t<ul class=\"elementor-icon-list-items\">\n\t\t\t\t\t\t\t<li class=\"elementor-icon-list-item\">\n\t\t\t\t\t\t\t\t\t\t\t<span class=\"elementor-icon-list-icon\">\n\t\t\t\t\t\t\t<i aria-hidden=\"true\" class=\"far fa-envelope\"><\/i>\t\t\t\t\t\t<\/span>\n\t\t\t\t\t\t\t\t\t\t<span class=\"elementor-icon-list-text\">csbalazs@invitel.hu<\/span>\n\t\t\t\t\t\t\t\t\t<\/li>\n\t\t\t\t\t\t<\/ul>\n\t\t\t\t\t\t<\/div>\n\t\t\t\t<\/div>\n\t\t\t\t<div class=\"elementor-element elementor-element-7b49a69 elementor-icon-list--layout-traditional elementor-list-item-link-full_width elementor-widget elementor-widget-icon-list\" data-id=\"7b49a69\" data-element_type=\"widget\" data-e-type=\"widget\" data-widget_type=\"icon-list.default\">\n\t\t\t\t<div class=\"elementor-widget-container\">\n\t\t\t\t\t\t\t<ul class=\"elementor-icon-list-items\">\n\t\t\t\t\t\t\t<li class=\"elementor-icon-list-item\">\n\t\t\t\t\t\t\t\t\t\t\t<span class=\"elementor-icon-list-icon\">\n\t\t\t\t\t\t\t<i aria-hidden=\"true\" class=\"fas fa-phone-alt\"><\/i>\t\t\t\t\t\t<\/span>\n\t\t\t\t\t\t\t\t\t\t<span class=\"elementor-icon-list-text\">+36 70 379 0497<\/span>\n\t\t\t\t\t\t\t\t\t<\/li>\n\t\t\t\t\t\t\t\t<li class=\"elementor-icon-list-item\">\n\t\t\t\t\t\t\t\t\t\t\t<span class=\"elementor-icon-list-icon\">\n\t\t\t\t\t\t\t<i aria-hidden=\"true\" class=\"fas fa-map-marker-alt\"><\/i>\t\t\t\t\t\t<\/span>\n\t\t\t\t\t\t\t\t\t\t<span class=\"elementor-icon-list-text\">8200 Veszpr\u00e9m, M\u00e1rt\u00edrok \u00fatja 3\/A<\/span>\n\t\t\t\t\t\t\t\t\t<\/li>\n\t\t\t\t\t\t\t\t<li class=\"elementor-icon-list-item\">\n\t\t\t\t\t\t\t\t\t\t\t<span class=\"elementor-icon-list-icon\">\n\t\t\t\t\t\t\t<i aria-hidden=\"true\" class=\"far fa-paper-plane\"><\/i>\t\t\t\t\t\t<\/span>\n\t\t\t\t\t\t\t\t\t\t<span class=\"elementor-icon-list-text\">8200 Veszpr\u00e9m, M\u00e1rt\u00edrok \u00fatja 3\/A<\/span>\n\t\t\t\t\t\t\t\t\t<\/li>\n\t\t\t\t\t\t<\/ul>\n\t\t\t\t\t\t<\/div>\n\t\t\t\t<\/div>\n\t\t\t\t<\/div>\n\t\t\t\t\t<\/div>\n\t\t\t\t<\/div>\n\t\t\t\t\t<\/div>\n\t\t\t\t<\/div>\n\t\t\t\t<\/div>","protected":false},"excerpt":{"rendered":"<p>Szakter\u00fcletek \u00d6r\u00f6kl\u00e9si jog \u2013 v\u00e9grendeletek k\u00e9sz\u00edt\u00e9se, v\u00e9lem\u00e9nyez\u00e9se; &#8211; \u00d6R\u00d6KL\u00c9SI SZERZ\u0150D\u00c9S \u2013 k\u00e9pviselet hagyat\u00e9ki elj\u00e1r\u00e1sban Kapcsolat Honeste vivere, alterum non laedere, suum cuique tribuere. Becs\u00fcletesen \u00e9lni, m\u00e1snak nem \u00e1rtani, mindenkinek megadni, ami j\u00e1r. csbalazs@invitel.hu +36 70 379 0497 8200 Veszpr\u00e9m, M\u00e1rt\u00edrok \u00fatja 3\/A 8200 Veszpr\u00e9m, M\u00e1rt\u00edrok \u00fatja 3\/A<\/p>","protected":false},"author":4,"featured_media":0,"parent":0,"menu_order":0,"comment_status":"closed","ping_status":"closed","template":"","meta":{"footnotes":""},"class_list":["post-1078","page","type-page","status-publish","hentry"],"yoast_head":"<!-- This site is optimized with the Yoast SEO plugin v26.9 - https:\/\/yoast.com\/product\/yoast-seo-wordpress\/ -->\n<title>\u00d6r\u00f6kl\u00e9si jog - FlorartWebdesign<\/title>\n<meta name=\"robots\" content=\"index, follow, max-snippet:-1, max-image-preview:large, max-video-preview:-1\" \/>\n<link rel=\"canonical\" href=\"https:\/\/florart-webdesign.hu\/en\/oroklesi-jog\/\" \/>\n<meta property=\"og:locale\" content=\"en_US\" \/>\n<meta property=\"og:type\" content=\"article\" \/>\n<meta property=\"og:title\" content=\"\u00d6r\u00f6kl\u00e9si jog - FlorartWebdesign\" \/>\n<meta property=\"og:description\" content=\"Szakter\u00fcletek \u00d6r\u00f6kl\u00e9si jog \u2013 v\u00e9grendeletek k\u00e9sz\u00edt\u00e9se, v\u00e9lem\u00e9nyez\u00e9se; &#8211; \u00d6R\u00d6KL\u00c9SI SZERZ\u0150D\u00c9S \u2013 k\u00e9pviselet hagyat\u00e9ki elj\u00e1r\u00e1sban Kapcsolat Honeste vivere, alterum non laedere, suum cuique tribuere. Becs\u00fcletesen \u00e9lni, m\u00e1snak nem \u00e1rtani, mindenkinek megadni, ami j\u00e1r. csbalazs@invitel.hu +36 70 379 0497 8200 Veszpr\u00e9m, M\u00e1rt\u00edrok \u00fatja 3\/A 8200 Veszpr\u00e9m, M\u00e1rt\u00edrok \u00fatja 3\/A\" \/>\n<meta property=\"og:url\" content=\"https:\/\/florart-webdesign.hu\/en\/oroklesi-jog\/\" \/>\n<meta property=\"og:site_name\" content=\"FlorartWebdesign\" \/>\n<meta property=\"article:modified_time\" content=\"2024-03-04T18:10:03+00:00\" \/>\n<meta name=\"twitter:card\" content=\"summary_large_image\" \/>\n<meta name=\"twitter:label1\" content=\"Est. reading time\" \/>\n\t<meta name=\"twitter:data1\" content=\"1 minute\" \/>\n<script type=\"application\/ld+json\" class=\"yoast-schema-graph\">{\"@context\":\"https:\/\/schema.org\",\"@graph\":[{\"@type\":\"WebPage\",\"@id\":\"https:\/\/florart-webdesign.hu\/oroklesi-jog\/\",\"url\":\"https:\/\/florart-webdesign.hu\/oroklesi-jog\/\",\"name\":\"\u00d6r\u00f6kl\u00e9si jog - FlorartWebdesign\",\"isPartOf\":{\"@id\":\"https:\/\/florart-webdesign.hu\/#website\"},\"datePublished\":\"2024-03-04T17:33:48+00:00\",\"dateModified\":\"2024-03-04T18:10:03+00:00\",\"breadcrumb\":{\"@id\":\"https:\/\/florart-webdesign.hu\/oroklesi-jog\/#breadcrumb\"},\"inLanguage\":\"en-US\",\"potentialAction\":[{\"@type\":\"ReadAction\",\"target\":[\"https:\/\/florart-webdesign.hu\/oroklesi-jog\/\"]}]},{\"@type\":\"BreadcrumbList\",\"@id\":\"https:\/\/florart-webdesign.hu\/oroklesi-jog\/#breadcrumb\",\"itemListElement\":[{\"@type\":\"ListItem\",\"position\":1,\"name\":\"Kezd\u0151lap\",\"item\":\"https:\/\/florart-webdesign.hu\/\"},{\"@type\":\"ListItem\",\"position\":2,\"name\":\"\u00d6r\u00f6kl\u00e9si jog\"}]},{\"@type\":\"WebSite\",\"@id\":\"https:\/\/florart-webdesign.hu\/#website\",\"url\":\"https:\/\/florart-webdesign.hu\/\",\"name\":\"FlorartWebdesign\",\"description\":\"\",\"publisher\":{\"@id\":\"https:\/\/florart-webdesign.hu\/#organization\"},\"potentialAction\":[{\"@type\":\"SearchAction\",\"target\":{\"@type\":\"EntryPoint\",\"urlTemplate\":\"https:\/\/florart-webdesign.hu\/?s={search_term_string}\"},\"query-input\":{\"@type\":\"PropertyValueSpecification\",\"valueRequired\":true,\"valueName\":\"search_term_string\"}}],\"inLanguage\":\"en-US\"},{\"@type\":\"Organization\",\"@id\":\"https:\/\/florart-webdesign.hu\/#organization\",\"name\":\"FlorartWebdesign\",\"url\":\"https:\/\/florart-webdesign.hu\/\",\"logo\":{\"@type\":\"ImageObject\",\"inLanguage\":\"en-US\",\"@id\":\"https:\/\/florart-webdesign.hu\/#\/schema\/logo\/image\/\",\"url\":\"https:\/\/florart-webdesign.hu\/wp-content\/uploads\/2024\/01\/javitott-1.png\",\"contentUrl\":\"https:\/\/florart-webdesign.hu\/wp-content\/uploads\/2024\/01\/javitott-1.png\",\"width\":300,\"height\":126,\"caption\":\"FlorartWebdesign\"},\"image\":{\"@id\":\"https:\/\/florart-webdesign.hu\/#\/schema\/logo\/image\/\"}}]}<\/script>\n<!-- \/ Yoast SEO plugin. -->","yoast_head_json":{"title":"\u00d6r\u00f6kl\u00e9si jog - FlorartWebdesign","robots":{"index":"index","follow":"follow","max-snippet":"max-snippet:-1","max-image-preview":"max-image-preview:large","max-video-preview":"max-video-preview:-1"},"canonical":"https:\/\/florart-webdesign.hu\/en\/oroklesi-jog\/","og_locale":"en_US","og_type":"article","og_title":"\u00d6r\u00f6kl\u00e9si jog - FlorartWebdesign","og_description":"Szakter\u00fcletek \u00d6r\u00f6kl\u00e9si jog \u2013 v\u00e9grendeletek k\u00e9sz\u00edt\u00e9se, v\u00e9lem\u00e9nyez\u00e9se; &#8211; \u00d6R\u00d6KL\u00c9SI SZERZ\u0150D\u00c9S \u2013 k\u00e9pviselet hagyat\u00e9ki elj\u00e1r\u00e1sban Kapcsolat Honeste vivere, alterum non laedere, suum cuique tribuere. Becs\u00fcletesen \u00e9lni, m\u00e1snak nem \u00e1rtani, mindenkinek megadni, ami j\u00e1r. csbalazs@invitel.hu +36 70 379 0497 8200 Veszpr\u00e9m, M\u00e1rt\u00edrok \u00fatja 3\/A 8200 Veszpr\u00e9m, M\u00e1rt\u00edrok \u00fatja 3\/A","og_url":"https:\/\/florart-webdesign.hu\/en\/oroklesi-jog\/","og_site_name":"FlorartWebdesign","article_modified_time":"2024-03-04T18:10:03+00:00","twitter_card":"summary_large_image","twitter_misc":{"Est. reading time":"1 minute"},"schema":{"@context":"https:\/\/schema.org","@graph":[{"@type":"WebPage","@id":"https:\/\/florart-webdesign.hu\/oroklesi-jog\/","url":"https:\/\/florart-webdesign.hu\/oroklesi-jog\/","name":"\u00d6r\u00f6kl\u00e9si jog - FlorartWebdesign","isPartOf":{"@id":"https:\/\/florart-webdesign.hu\/#website"},"datePublished":"2024-03-04T17:33:48+00:00","dateModified":"2024-03-04T18:10:03+00:00","breadcrumb":{"@id":"https:\/\/florart-webdesign.hu\/oroklesi-jog\/#breadcrumb"},"inLanguage":"en-US","potentialAction":[{"@type":"ReadAction","target":["https:\/\/florart-webdesign.hu\/oroklesi-jog\/"]}]},{"@type":"BreadcrumbList","@id":"https:\/\/florart-webdesign.hu\/oroklesi-jog\/#breadcrumb","itemListElement":[{"@type":"ListItem","position":1,"name":"Kezd\u0151lap","item":"https:\/\/florart-webdesign.hu\/"},{"@type":"ListItem","position":2,"name":"\u00d6r\u00f6kl\u00e9si jog"}]},{"@type":"WebSite","@id":"https:\/\/florart-webdesign.hu\/#website","url":"https:\/\/florart-webdesign.hu\/","name":"FlorartWebdesign","description":"","publisher":{"@id":"https:\/\/florart-webdesign.hu\/#organization"},"potentialAction":[{"@type":"SearchAction","target":{"@type":"EntryPoint","urlTemplate":"https:\/\/florart-webdesign.hu\/?s={search_term_string}"},"query-input":{"@type":"PropertyValueSpecification","valueRequired":true,"valueName":"search_term_string"}}],"inLanguage":"en-US"},{"@type":"Organization","@id":"https:\/\/florart-webdesign.hu\/#organization","name":"FlorartWebdesign","url":"https:\/\/florart-webdesign.hu\/","logo":{"@type":"ImageObject","inLanguage":"en-US","@id":"https:\/\/florart-webdesign.hu\/#\/schema\/logo\/image\/","url":"https:\/\/florart-webdesign.hu\/wp-content\/uploads\/2024\/01\/javitott-1.png","contentUrl":"https:\/\/florart-webdesign.hu\/wp-content\/uploads\/2024\/01\/javitott-1.png","width":300,"height":126,"caption":"FlorartWebdesign"},"image":{"@id":"https:\/\/florart-webdesign.hu\/#\/schema\/logo\/image\/"}}]}},"jetpack_sharing_enabled":true,"_links":{"self":[{"href":"https:\/\/florart-webdesign.hu\/en\/wp-json\/wp\/v2\/pages\/1078","targetHints":{"allow":["GET"]}}],"collection":[{"href":"https:\/\/florart-webdesign.hu\/en\/wp-json\/wp\/v2\/pages"}],"about":[{"href":"https:\/\/florart-webdesign.hu\/en\/wp-json\/wp\/v2\/types\/page"}],"author":[{"embeddable":true,"href":"https:\/\/florart-webdesign.hu\/en\/wp-json\/wp\/v2\/users\/4"}],"replies":[{"embeddable":true,"href":"https:\/\/florart-webdesign.hu\/en\/wp-json\/wp\/v2\/comments?post=1078"}],"version-history":[{"count":4,"href":"https:\/\/florart-webdesign.hu\/en\/wp-json\/wp\/v2\/pages\/1078\/revisions"}],"predecessor-version":[{"id":1096,"href":"https:\/\/florart-webdesign.hu\/en\/wp-json\/wp\/v2\/pages\/1078\/revisions\/1096"}],"wp:attachment":[{"href":"https:\/\/florart-webdesign.hu\/en\/wp-json\/wp\/v2\/media?parent=1078"}],"curies":[{"name":"wp","href":"https:\/\/api.w.org\/{rel}","templated":true}]}}